{"id":203800,"date":"2023-06-26T21:39:40","date_gmt":"2023-06-26T19:39:40","guid":{"rendered":"https:\/\/www.coininsider.com\/about-2\/"},"modified":"2025-06-02T11:40:59","modified_gmt":"2025-06-02T09:40:59","slug":"about-2","status":"publish","type":"page","link":"https:\/\/www.coininsider.com\/sv\/about\/","title":{"rendered":"Om oss"},"content":{"rendered":"<h4><strong>V\u00e4lkommen till Coin Insider<\/strong> \u2013 din p\u00e5litliga portal in i den komplexa och snabbr\u00f6rliga kryptov\u00e4rlden.<\/h4>\n<p>Vi \u00e4r ett team av kryptoentusiaster, analytiker och ber\u00e4ttare som brinner f\u00f6r att leverera korrekt, insiktsfull och handlingskraftig information om digitala valutor, blockkedjeteknik och decentraliserad finans.<\/p>\n<p><img loading=\"lazy\" decoding=\"async\" class=\"alignnone size-full wp-image-203741\" src=\"https:\/\/www.coininsider.com\/wp-content\/uploads\/2025\/06\/pexels-photo-3183150.webp\" alt=\"teamwork\" width=\"2248\" height=\"1500\" srcset=\"https:\/\/www.coininsider.com\/wp-content\/uploads\/2025\/06\/pexels-photo-3183150.webp 2248w, https:\/\/www.coininsider.com\/wp-content\/uploads\/2025\/06\/pexels-photo-3183150-1024x683.webp 1024w, https:\/\/www.coininsider.com\/wp-content\/uploads\/2025\/06\/pexels-photo-3183150-200x132.webp 200w, https:\/\/www.coininsider.com\/wp-content\/uploads\/2025\/06\/pexels-photo-3183150-768x512.webp 768w, https:\/\/www.coininsider.com\/wp-content\/uploads\/2025\/06\/pexels-photo-3183150-1536x1025.webp 1536w, https:\/\/www.coininsider.com\/wp-content\/uploads\/2025\/06\/pexels-photo-3183150-2048x1367.webp 2048w, https:\/\/www.coininsider.com\/wp-content\/uploads\/2025\/06\/pexels-photo-3183150-899x600.webp 899w\" sizes=\"auto, (max-width: 2248px) 100vw, 2248px\" \/><\/p>\n<h3><strong>Vilka vi \u00e4r<\/strong><\/h3>\n<p>Med bakgrunder inom traditionell finans, blockkedjeutveckling, dataanalys och journalistik f\u00f6renas v\u00e5rt team av en gemensam passion: kryptovalutans transformativa potential. Oavsett om du \u00e4r f\u00f6rstag\u00e5ngsinvesterare, erfaren handlare eller en nyfiken HODLare \u00e4r v\u00e5rt uppdrag att g\u00f6ra krypto begripligt och tillg\u00e4ngligt. Vill du veta mer om personerna bakom v\u00e5rt inneh\u00e5ll? M\u00f6t v\u00e5ra skribenter och forskare p\u00e5 Coin Insiders f\u00f6rfattarsida.<\/p>\n<h3><strong>V\u00e5rt uppdrag<\/strong><\/h3>\n<p>P\u00e5 Coin Insider \u00e4r vi \u00f6vertygade om att <strong>tillf\u00f6rlitlig information fr\u00e4mjar ansvarsfulla investeringar<\/strong>. V\u00e5r redaktionella m\u00e5ls\u00e4ttning bygger p\u00e5:<\/p>\n<ul>\n<li><strong>Tydlighet<\/strong> \u2013 Vi bryter ner komplexa id\u00e9er till l\u00e4ttbegripliga insikter utan att f\u00f6renkla fakta f\u00f6r mycket.<\/li>\n<li><strong>Integritet<\/strong> \u2013 Vi erbjuder opartisk, transparent rapportering utan hype och spekulationer.<\/li>\n<li><strong>Utbildning<\/strong> \u2013 Vi fokuserar p\u00e5 att ge v\u00e5ra l\u00e4sare kunskap, b\u00e5de genom djupg\u00e5ende f\u00f6rklaringar och snabba guider.<\/li>\n<\/ul>\n<p>V\u00e5r sektion med kryptorecensioner \u00e4r en h\u00f6rnsten i v\u00e5rt inneh\u00e5ll \u2013 h\u00e4r utv\u00e4rderar vi handelsplattformar, pl\u00e5nb\u00f6cker och blockkedjetj\u00e4nster med r\u00e4ttvisa och djup.<\/p>\n<h3><strong>V\u00e5ra v\u00e4rderingar<\/strong><\/h3>\n<p><strong>Tillf\u00f6rlitlighet<\/strong>: Allt v\u00e5rt inneh\u00e5ll \u00e4r faktakontrollerat och h\u00e4mtat fr\u00e5n p\u00e5litliga datak\u00e4llor. <strong>Transparens<\/strong>: Vi redovisar v\u00e5ra intressen och undviker intressekonflikter i v\u00e5r rapportering. <strong>Innovation<\/strong>: Vi ligger steget f\u00f6re vad g\u00e4ller v\u00e5rt arbetss\u00e4tt f\u00f6r research, rapportering och nyhetsleverans. <strong>Inkludering<\/strong>: Vi v\u00e4nder oss till en global publik med flerspr\u00e5kig, kulturanpassad rapportering. <strong>Utbildning<\/strong>: Fr\u00e5n nyb\u00f6rjarguider till avancerad handelsanalys \u2013 v\u00e5rt utbildningsmaterial \u00e4r f\u00f6r alla. <strong>Integritet<\/strong>: Vi uppr\u00e4tth\u00e5ller strikta redaktionella riktlinjer grundade i \u00e4rlig och h\u00f6gkvalitativ journalistik. <strong>Gemenskap<\/strong>: Vi \u00e4r mer \u00e4n en nyhetskanal \u2013 vi \u00e4r en plattform f\u00f6r samtal och samarbete. <strong>Ansvar<\/strong>: Vi \u00e4r medvetna om att v\u00e5ra insikter p\u00e5verkar beslut, d\u00e4rf\u00f6r undviker vi hype och h\u00e5ller oss till fakta. <strong>Excellens<\/strong>: V\u00e5rt m\u00e5l \u00e4r att leverera det b\u00e4sta kryptorelaterade inneh\u00e5llet p\u00e5 n\u00e4tet. <strong>Passion<\/strong>: Vi lever och andas krypto. V\u00e5r passion genomsyrar varje artikel, recension och analys.<\/p>\n<h3><strong>Redaktionella transparensuppgifter<\/strong><\/h3>\n<p>V\u00e5rt team inkluderar tidiga kryptoadopt\u00f6rer och aktiva investerare. Denna f\u00f6rstahandserfarenhet g\u00f6r att vi kan f\u00f6rmedla unika och praktiska insikter till v\u00e5ra l\u00e4sare. Vi h\u00e4mtar marknadsdata fr\u00e5n betrodda plattformar som <strong>CoinMarketCap<\/strong> och <strong>CryptoCompare<\/strong>. Uppt\u00e4cker du oegentligheter eller felaktigheter? Kontakta oss och ber\u00e4tta.<\/p>\n<h3><strong>Coin Insider i medierna<\/strong><\/h3>\n<p>Vi har stolt blivit omn\u00e4mnda i ledande kryptotidningar och finanspublikationer, bland andra:<\/p>\n<ul>\n<li>Cointelegraph<\/li>\n<li>Investopedia<\/li>\n<li>CoinDesk<\/li>\n<li>Engadget<\/li>\n<li>Yahoo Finance<\/li>\n<\/ul>\n<h3><strong>F\u00f6lj oss<\/strong><\/h3>\n<p>H\u00e5ll dig informerad och engagerad via v\u00e5ra officiella kanaler:<\/p>\n<ul>\n<li><a href=\"https:\/\/x.com\/CoinInsiderMag\">Twitter \/ X<\/a><\/li>\n<li><a href=\"https:\/\/www.facebook.com\/coininsidernews\">Facebook<\/a><\/li>\n<li><a href=\"https:\/\/www.reddit.com\/r\/CoinInsiderMagazine\/\">Reddit<\/a><\/li>\n<li><a href=\"https:\/\/t.me\/coininsider_news\">Telegram<\/a><\/li>\n<li><a href=\"https:\/\/www.linkedin.com\/company\/coininsider\/\">LinkedIn<\/a><\/li>\n<\/ul>\n<h3><strong>Kontakta oss<\/strong><\/h3>\n<p>Vill du ta kontakt, f\u00f6resl\u00e5 en artikel eller utforska samarbetsm\u00f6jligheter? Bes\u00f6k v\u00e5r <a href=\"https:\/\/www.coininsider.com\/contact-us\/\">Kontakta oss<\/a>-sida f\u00f6r alla detaljer.<\/p>\n<p>&nbsp;<\/p>\n","protected":false},"excerpt":{"rendered":"<p>About Us<\/p>\n","protected":false},"author":2,"featured_media":0,"parent":0,"menu_order":0,"comment_status":"closed","ping_status":"closed","template":"page-inner.php","meta":{"footnotes":""},"class_list":["post-203800","page","type-page","status-publish","hentry"],"acf":[],"yoast_head":"<!-- This site is optimized with the Yoast SEO plugin v25.3 - https:\/\/yoast.com\/wordpress\/plugins\/seo\/ -->\n<title>Om oss | Coin Insider<\/title>\n<meta name=\"description\" content=\"About Us\" \/>\n<meta name=\"robots\" content=\"index, follow, max-snippet:-1, max-image-preview:large, max-video-preview:-1\" \/>\n<meta name=\"twitter:label1\" content=\"Ber\u00e4knad l\u00e4stid\" \/>\n\t<meta name=\"twitter:data1\" content=\"3 minuter\" \/>\n<!-- \/ Yoast SEO plugin. -->","yoast_head_json":{"title":"Om oss | Coin Insider","description":"About Us","robots":{"index":"index","follow":"follow","max-snippet":"max-snippet:-1","max-image-preview":"max-image-preview:large","max-video-preview":"max-video-preview:-1"},"twitter_misc":{"Ber\u00e4knad l\u00e4stid":"3 minuter"},"schema":{"@context":"https:\/\/schema.org","@graph":[{"@type":"WebPage","@id":"https:\/\/www.coininsider.com\/sv\/about\/","url":"https:\/\/www.coininsider.com\/sv\/about\/","name":"Om oss | Coin Insider","isPartOf":{"@id":"https:\/\/www.coininsider.com\/sv\/#website"},"primaryImageOfPage":{"@id":"https:\/\/www.coininsider.com\/sv\/about\/#primaryimage"},"image":{"@id":"https:\/\/www.coininsider.com\/sv\/about\/#primaryimage"},"thumbnailUrl":"https:\/\/www.coininsider.com\/wp-content\/uploads\/2025\/06\/pexels-photo-3183150.webp","datePublished":"2023-06-26T19:39:40+00:00","dateModified":"2025-06-02T09:40:59+00:00","description":"About Us","breadcrumb":{"@id":"https:\/\/www.coininsider.com\/sv\/about\/#breadcrumb"},"inLanguage":"sv-SE","potentialAction":[{"@type":"ReadAction","target":["https:\/\/www.coininsider.com\/sv\/about\/"]}]},{"@type":"ImageObject","inLanguage":"sv-SE","@id":"https:\/\/www.coininsider.com\/sv\/about\/#primaryimage","url":"https:\/\/www.coininsider.com\/wp-content\/uploads\/2025\/06\/pexels-photo-3183150.webp","contentUrl":"https:\/\/www.coininsider.com\/wp-content\/uploads\/2025\/06\/pexels-photo-3183150.webp"},{"@type":"BreadcrumbList","@id":"https:\/\/www.coininsider.com\/sv\/about\/#breadcrumb","itemListElement":[{"@type":"ListItem","position":1,"name":"Home","item":"https:\/\/www.coininsider.com\/sv\/"},{"@type":"ListItem","position":2,"name":"Om oss"}]},{"@type":"WebSite","@id":"https:\/\/www.coininsider.com\/sv\/#website","url":"https:\/\/www.coininsider.com\/sv\/","name":"Coin Insider","description":"Nyheter och \u00e5sikter om Bitcoin, Cryptocurrency och Trading","publisher":{"@id":"https:\/\/www.coininsider.com\/sv\/#organization"},"potentialAction":[{"@type":"SearchAction","target":{"@type":"EntryPoint","urlTemplate":"https:\/\/www.coininsider.com\/sv\/?s={search_term_string}"},"query-input":{"@type":"PropertyValueSpecification","valueRequired":true,"valueName":"search_term_string"}}],"inLanguage":"sv-SE"},{"@type":"Organization","@id":"https:\/\/www.coininsider.com\/sv\/#organization","name":"Coin Insider","url":"https:\/\/www.coininsider.com\/sv\/","logo":{"@type":"ImageObject","inLanguage":"sv-SE","@id":"https:\/\/www.coininsider.com\/sv\/#\/schema\/logo\/image\/","url":"https:\/\/www.coininsider.com\/wp-content\/uploads\/2018\/01\/Coin-Insider.png","contentUrl":"https:\/\/www.coininsider.com\/wp-content\/uploads\/2018\/01\/Coin-Insider.png","width":1000,"height":300,"caption":"Coin Insider"},"image":{"@id":"https:\/\/www.coininsider.com\/sv\/#\/schema\/logo\/image\/"}}]}},"_links":{"self":[{"href":"https:\/\/www.coininsider.com\/sv\/wp-json\/wp\/v2\/pages\/203800","targetHints":{"allow":["GET"]}}],"collection":[{"href":"https:\/\/www.coininsider.com\/sv\/wp-json\/wp\/v2\/pages"}],"about":[{"href":"https:\/\/www.coininsider.com\/sv\/wp-json\/wp\/v2\/types\/page"}],"author":[{"embeddable":true,"href":"https:\/\/www.coininsider.com\/sv\/wp-json\/wp\/v2\/users\/2"}],"replies":[{"embeddable":true,"href":"https:\/\/www.coininsider.com\/sv\/wp-json\/wp\/v2\/comments?post=203800"}],"version-history":[{"count":1,"href":"https:\/\/www.coininsider.com\/sv\/wp-json\/wp\/v2\/pages\/203800\/revisions"}],"predecessor-version":[{"id":203806,"href":"https:\/\/www.coininsider.com\/sv\/wp-json\/wp\/v2\/pages\/203800\/revisions\/203806"}],"wp:attachment":[{"href":"https:\/\/www.coininsider.com\/sv\/wp-json\/wp\/v2\/media?parent=203800"}],"curies":[{"name":"wp","href":"https:\/\/api.w.org\/{rel}","templated":true}]}}