{"id":112810,"date":"2021-01-06T18:36:08","date_gmt":"2021-01-06T16:36:08","guid":{"rendered":"https:\/\/www.coininsider.com\/?page_id=112810"},"modified":"2021-03-19T18:06:27","modified_gmt":"2021-03-19T16:06:27","slug":"como-comprar-accoes-da-amazon","status":"publish","type":"page","link":"https:\/\/www.coininsider.com\/pt\/como-comprar-accoes-da-amazon\/","title":{"rendered":"Como comprar ac\u00e7\u00f5es da Amazon"},"content":{"rendered":"<p>A Amaz\u00f3nia \u00e9 mundialmente conhecida como o rei do com\u00e9rcio electr\u00f3nico e da computa\u00e7\u00e3o em nuvem. Muitas empresas podem atestar o facto de a Amazon os ter ajudado a tornarem-se l\u00edderes de mercado. A Amazon det\u00e9m 40-50 por cento das receitas de retalho dos EUA, a maioria dos americanos prefere fazer compras no website online. O que faz esta empresa destacar-se dos seus concorrentes \u00e9 a grande selec\u00e7\u00e3o de produtos e servi\u00e7os que oferecem, os clientes pagam o m\u00ednimo poss\u00edvel e os seus produtos s\u00e3o entregues em tempo recorde.<\/p>\n<p>Nos \u00faltimos anos, a empresa expandiu os seus servi\u00e7os, o que inclui o fornecimento aos clientes de oportunidades de investimento sob a forma de ac\u00e7\u00f5es. Decidimos investigar se estas ac\u00e7\u00f5es s\u00e3o rent\u00e1veis. Pode encontrar toda a informa\u00e7\u00e3o necess\u00e1ria para tomar uma decis\u00e3o informada no guia abaixo:<\/p>\n<h2>Deve comprar ac\u00e7\u00f5es da Amazon?<\/h2>\n<p>Antes de investir em ac\u00e7\u00f5es da Amazon, \u00e9 importante para si conhecer todos os fundamentos, juntamente com os seus movimentos de pre\u00e7os e previs\u00f5es.<\/p>\n    <aside class=\"review-badge push-bottom clearboth\">\n\n        <div class=\"ff-grid\">\n\n            <div class=\"ff-column ff-span-4 text-center\">\n                <a href=\"#register\" rel=\"nofollow\">\n                    <img loading=\"lazy\" decoding=\"async\" src=\"https:\/\/www.coininsider.com\/wp-content\/plugins\/funnel-form\/\/funnels\/img\/etoro-logo.png\" alt=\"eToro\" width=\"250\" height=\"70\"\/>                <\/a>\n                            <\/div>\n\n                            <div class=\"ff-column ff-span-5 text-center\">\n                                            <div class=\"rating\">\n                            <div class=\"thumbs\">\n                                <strong>Classifica\u00e7\u00e3o<\/strong><br \/>\n                                <img loading=\"lazy\" decoding=\"async\" src=\"https:\/\/www.coininsider.com\/wp-content\/plugins\/funnel-form\/\/assets\/images\/votes.png\" width=\"70\" height=\"42\"\/>\n                            <\/div>\n                            <div class=\"score\">\n                                <p class=\"rating\">95%<\/p>\n                                \n                                <span class=\"verified text-center\">\n                                    Excelente                                <\/span>\n                                <p class=\"verified text-center\">\n                                    Testado e verificado                                <\/p>\n                            <\/div>\n                        <\/div>\n                                                        <\/div>\n            \n            <div class=\"ff-column ff-span-3 text-center\">\n                                    <p style=\"margin-bottom: 5px;\">\n                        <strong>Tente eToro<\/strong>\n                    <\/p>\n                                                    <a class=\"button btn-primary\"\n                       href=\"#register\" rel=\"nofollow\">\n                        eToro                    <\/a>\n                            <\/div>\n        <\/div>\n    <\/aside>\n    \n<h3>Hist\u00f3ria do pre\u00e7o das ac\u00e7\u00f5es da Amazon<\/h3>\n<p>Como mencionado anteriormente, a Amazon \u00e9 conhecida pelo seu modelo de com\u00e9rcio electr\u00f3nico e \u00e9 um modelo que tem sido duplicado por muitas empresas ao longo dos anos. No in\u00edcio, a Amazon era apenas um livreiro online, que mais tarde se expandiu para o entretenimento digital, computa\u00e7\u00e3o em nuvem e produtos m\u00f3veis. Hoje em dia, a maioria dos produtos de retalho podem ser comprados no site.<\/p>\n<p>Como retalhista em linha, a Amazon tem beneficiado positivamente dos meios de comunica\u00e7\u00e3o social e de redes mais amplas. Existem aproximadamente dois milh\u00f5es de vendedores e 300 milh\u00f5es de utilizadores em todo o mundo. Os meios de comunica\u00e7\u00e3o social ajudaram a tornar a identidade da marca uma ferramenta de marketing mais poderosa. N\u00e3o \u00e9 surpresa que a Amazon seja considerada como tendo um dos principais valores de marca em 2019. H\u00e1 informa\u00e7\u00f5es de que os an\u00fancios online e os efeitos de rede ajudaram a vender 50 mil milh\u00f5es de d\u00f3lares em produtos em 2019, aumentando o seu rendimento total de 20,5% para 280 mil milh\u00f5es de d\u00f3lares A Amazon oferece aos seus utilizadores satisfa\u00e7\u00e3o instant\u00e2nea com a sua pol\u00edtica de entrega de 1 dia.<\/p>\n<p>As vendas em lojas digitais aumentaram de 14,8% para $141 mil milh\u00f5es em 2019. A pol\u00edtica de entrega de 1 dia s\u00f3 foi implementada no \u00faltimo trimestre, mas levou ao maior aumento de assinaturas Prime. Os utilizadores com subscri\u00e7\u00f5es Prime t\u00eam vantagens nas compras, m\u00fasica e filmes, entre outros benef\u00edcios. Com a Amazon pode adquirir uma grande variedade de produtos e servi\u00e7os, incluindo mobili\u00e1rio, smartphones e mercearias. Todos eles podem ser entregues \u00e0 sua porta.<\/p>\n<h3>Amazon Stock Performance<\/h3>\n<p>A Amazon Stock est\u00e1 a aniquilar os seus concorrentes, especialmente durante a pandemia da COVID-9 que causou uma queda nos mercados em 2020. A Amazon negoceia utilizando stocks de tecnologia de alto desempenho, comummente referidos como FAANG (Facebook, Amazon, Apple, Netflix e Google). Utilizando a FAANG, as ac\u00e7\u00f5es da Amazon devolveram 10,77% aos accionistas ao longo do \u00faltimo ano. Durante esta pandemia global, as ac\u00e7\u00f5es da Amazon demonstraram ser mais resilientes.<\/p>\n<h2>Como Funciona o Dividendo das Ac\u00e7\u00f5es da Amazon?<\/h2>\n<p>A Amazon n\u00e3o paga dividendos aos seus utilizadores. Em vez de pagar dividendos, a Amazon est\u00e1 constantemente a reinvestir no seu neg\u00f3cio. Isto inclui investir em mais conte\u00fado v\u00eddeo para a Amazon Prime Video, construir novos centros de dados e contratar centenas de engenheiros de software, entre outros investimentos. Da nossa pesquisa descobrimos que o valor das ac\u00e7\u00f5es da Amazon aumentou para 130,000%. H\u00e1 relat\u00f3rios que indicam que muitos investidores esperam que a Amazon crie valor accionista a partir da sua recente aquisi\u00e7\u00e3o da Whole Foods, no valor de 13,7 mil milh\u00f5es de d\u00f3lares.<\/p>\n<h3><strong>A boa not\u00edcia \u00e9 que a abordagem da Amazon conduziu a retornos surpreendentes<\/strong><\/h3>\n<p>Como investidor, \u00e9 sempre importante saber como a empresa a quem confiou os seus fundos gasta as suas receitas. No caso de fazer um mau investimento, todos os lucros e fluxo de caixa que uma empresa gera ao longo de v\u00e1rios anos podem n\u00e3o reverter a favor dos accionistas se as receitas forem gastas em m\u00e1s aquisi\u00e7\u00f5es. A alternativa \u00e9 que uma empresa pode reinvestir todo o seu fluxo de caixa com rendimentos elevados e tornar a empresa significativamente mais valiosa a longo prazo. Esta \u00e9 a abordagem da Amazon.<\/p>\n<h2>Como Vai Receber um Retorno do Seu Investimento com a Amazon?<\/h2>\n<p>Com a abordagem da Amazon, as suas receitas anuais aumentaram de 148 milh\u00f5es de d\u00f3lares em 1997, para 281 mil milh\u00f5es de d\u00f3lares em 2019. Alguns podem pensar que isto \u00e9 absolutamente falso, mas \u00e9 verdade. A Amazon conseguiu um aumento de 1,898 vezes nas vendas l\u00edquidas ao longo de 22 anos. Todo este crescimento foi alcan\u00e7ado sem que se tivesse obtido qualquer capital pr\u00f3prio. A empresa gerou receitas do seu pr\u00f3prio neg\u00f3cio e utilizou-as todas para reinvestir no crescimento, investiga\u00e7\u00e3o e desenvolvimento empresarial.<\/p>\n<p>Os investidores que procuram dividendos devem compreender que a Amazon tem uma forte reputa\u00e7\u00e3o de gerar muito mais do que um d\u00f3lar por cada d\u00f3lar de capital accionista que ret\u00e9m no seu neg\u00f3cio. Isto significa que enquanto existirem oportunidades de reinvestimento, os investidores devem sempre procurar uma empresa que ponha o seu dinheiro a trabalhar em vez de pagar um dividendo. Os investidores que procuram dividendos podem sempre criar os seus pr\u00f3prios atrav\u00e9s da venda de uma pequena quantidade das suas ac\u00e7\u00f5es de vez em quando. Se optar por esta via, necessita de uma conta de corretagem que permita a negocia\u00e7\u00e3o de ac\u00e7\u00f5es fraccionadas, considerando que uma ac\u00e7\u00e3o da Amazon vai por cerca de $3.100.<\/p>\n<h2>Como comprar ac\u00e7\u00f5es da Amazon com eToro<\/h2>\n<h3>1. Crie a sua conta eToro<\/h3>\n<p>Criar a sua conta eToro \u00e9 r\u00e1pido e f\u00e1cil. Tudo o que precisa de fazer \u00e9 registar-se, usando os seus dados b\u00e1sicos de contacto e endere\u00e7o de correio electr\u00f3nico e iniciar sess\u00e3o na sua conta eToro rec\u00e9m-criada em minutos.<\/p>\n    <aside class=\"review-badge push-bottom clearboth\">\n\n        <div class=\"ff-grid\">\n\n            <div class=\"ff-column ff-span-4 text-center\">\n                <a href=\"#register\" rel=\"nofollow\">\n                    <img loading=\"lazy\" decoding=\"async\" src=\"https:\/\/www.coininsider.com\/wp-content\/plugins\/funnel-form\/\/funnels\/img\/etoro-logo.png\" alt=\"eToro\" width=\"250\" height=\"70\"\/>                <\/a>\n                            <\/div>\n\n                            <div class=\"ff-column ff-span-5 text-center\">\n                                            <div class=\"rating\">\n                            <div class=\"thumbs\">\n                                <strong>Classifica\u00e7\u00e3o<\/strong><br \/>\n                                <img loading=\"lazy\" decoding=\"async\" src=\"https:\/\/www.coininsider.com\/wp-content\/plugins\/funnel-form\/\/assets\/images\/votes.png\" width=\"70\" height=\"42\"\/>\n                            <\/div>\n                            <div class=\"score\">\n                                <p class=\"rating\">95%<\/p>\n                                \n                                <span class=\"verified text-center\">\n                                    Excelente                                <\/span>\n                                <p class=\"verified text-center\">\n                                    Testado e verificado                                <\/p>\n                            <\/div>\n                        <\/div>\n                                                        <\/div>\n            \n            <div class=\"ff-column ff-span-3 text-center\">\n                                    <p style=\"margin-bottom: 5px;\">\n                        <strong>Tente eToro<\/strong>\n                    <\/p>\n                                                    <a class=\"button btn-primary\"\n                       href=\"#register\" rel=\"nofollow\">\n                        eToro                    <\/a>\n                            <\/div>\n        <\/div>\n    <\/aside>\n    \n<h3>2. Complete o seu perfil<\/h3>\n<p>Uma vez criada a sua conta, ser-lhe-\u00e1 pedido que complete o seu perfil antes de come\u00e7ar a negociar. Esta informa\u00e7\u00e3o \u00e9 obrigat\u00f3ria e \u00e9 utilizada para o cumprimento dos regulamentos AML e CTF. Uma vez feito isto, clique no bot\u00e3o de perfil completo sob o seu nome de utilizador e siga os passos seguintes.<\/p>\n<h3>3. Financie a sua conta eToro<\/h3>\n<p>Ap\u00f3s completar a cria\u00e7\u00e3o da sua conta e o seu registo, ter\u00e1 de financiar a sua conta. O dep\u00f3sito m\u00ednimo actualmente aceite por eToro \u00e9 de $200, ou equivalente em outras moedas. eToro oferece uma grande variedade de m\u00e9todos de pagamento incluindo, Cart\u00e3o de Cr\u00e9dito e D\u00e9bito, Paypal, Transfer\u00eancia Banc\u00e1ria e outros m\u00e9todos.<\/p>\n<h3>4. Comprar o seu stock amaz\u00f3nico<\/h3>\n<p>Uma vez que tenha financiado a sua conta, pode come\u00e7ar por negociar ac\u00e7\u00f5es em eToro. Tem a possibilidade de escolher entre comprar uma ac\u00e7\u00e3o ou encurt\u00e1-la. Isto depende de como prev\u00ea que o mercado vai avan\u00e7ar.<\/p>\n<h3><strong>Aqui est\u00e3o os passos simples sobre como comprar as suas ac\u00e7\u00f5es no eToro<\/strong><\/h3>\n<h3>Passo 1: Pesquisa de stock amaz\u00f3nico<\/h3>\n<p id=\"gdcalert1\"><img loading=\"lazy\" decoding=\"async\" class=\"aligncenter wp-image-112690 size-full\" src=\"https:\/\/www.coininsider.com\/wp-content\/uploads\/2021\/01\/purchase-amazon-shares.jpg\" alt=\"how to buy amazon stock\" width=\"768\" height=\"542\" data-wp-pid=\"112683\" \/><\/p>\n<h3>Passo 2: Clique na op\u00e7\u00e3o Com\u00e9rcio<\/h3>\n<p id=\"gdcalert2\"><img loading=\"lazy\" decoding=\"async\" class=\"aligncenter size-full wp-image-112690\" src=\"https:\/\/www.coininsider.com\/wp-content\/uploads\/2021\/01\/purchase-amazon-shares.jpg\" alt=\"buying amazon shares\" width=\"768\" height=\"542\" data-wp-pid=\"112690\" \/> <img loading=\"lazy\" decoding=\"async\" class=\"aligncenter size-full wp-image-112697\" src=\"https:\/\/www.coininsider.com\/wp-content\/uploads\/2021\/01\/buy-amazon-shares-2.jpg\" alt=\"\" width=\"1526\" height=\"982\" data-wp-pid=\"112697\" \/><\/p>\n<h3>Passo 3: Clique na Op\u00e7\u00e3o de Compra<\/h3>\n<p id=\"gdcalert3\"><img loading=\"lazy\" decoding=\"async\" class=\"aligncenter size-full wp-image-112683\" src=\"https:\/\/www.coininsider.com\/wp-content\/uploads\/2021\/01\/buy-amazon-stock-1.jpg\" alt=\"how to buy amazon shares\" width=\"768\" height=\"854\" data-wp-pid=\"112683\" \/><\/p>\n<h2>Investir em ac\u00e7\u00f5es da Amaz\u00f3nia: Os nossos pensamentos finais<\/h2>\n<p>Poder\u00e1 estar a pensar se investir em ac\u00e7\u00f5es da Amazon \u00e9 uma ideia t\u00e3o boa. Bem, n\u00f3s pensamos definitivamente que sim. A Amazon est\u00e1 a provar transformar novas linhas de neg\u00f3cio em l\u00edderes rent\u00e1veis da ind\u00fastria. Com o mercado global de ac\u00e7\u00f5es em decl\u00ednio, pode ser um momento privilegiado para investir em ac\u00e7\u00f5es da Amazon. Quando estiver pronto para come\u00e7ar a investir, recomendamos que o fa\u00e7a atrav\u00e9s de um corretor regulado e de confian\u00e7a, como o eToro.<\/p>\n    <aside class=\"review-badge push-bottom clearboth\">\n\n        <div class=\"ff-grid\">\n\n            <div class=\"ff-column ff-span-4 text-center\">\n                <a href=\"#register\" rel=\"nofollow\">\n                    <img loading=\"lazy\" decoding=\"async\" src=\"https:\/\/www.coininsider.com\/wp-content\/plugins\/funnel-form\/\/funnels\/img\/etoro-logo.png\" alt=\"eToro\" width=\"250\" height=\"70\"\/>                <\/a>\n                            <\/div>\n\n                            <div class=\"ff-column ff-span-5 text-center\">\n                                            <div class=\"rating\">\n                            <div class=\"thumbs\">\n                                <strong>Classifica\u00e7\u00e3o<\/strong><br \/>\n                                <img loading=\"lazy\" decoding=\"async\" src=\"https:\/\/www.coininsider.com\/wp-content\/plugins\/funnel-form\/\/assets\/images\/votes.png\" width=\"70\" height=\"42\"\/>\n                            <\/div>\n                            <div class=\"score\">\n                                <p class=\"rating\">95%<\/p>\n                                \n                                <span class=\"verified text-center\">\n                                    Excelente                                <\/span>\n                                <p class=\"verified text-center\">\n                                    Testado e verificado                                <\/p>\n                            <\/div>\n                        <\/div>\n                                                        <\/div>\n            \n            <div class=\"ff-column ff-span-3 text-center\">\n                                    <p style=\"margin-bottom: 5px;\">\n                        <strong>Tente eToro<\/strong>\n                    <\/p>\n                                                    <a class=\"button btn-primary\"\n                       href=\"#register\" rel=\"nofollow\">\n                        eToro                    <\/a>\n                            <\/div>\n        <\/div>\n    <\/aside>\n    \n","protected":false},"excerpt":{"rendered":"<p>Este \u00e9 um guia passo a passo sobre como comprar facilmente ac\u00e7\u00f5es da Amazon.<\/p>\n","protected":false},"author":32,"featured_media":0,"parent":0,"menu_order":0,"comment_status":"closed","ping_status":"closed","template":"template-bridging.php","meta":{"footnotes":""},"class_list":["post-112810","page","type-page","status-publish","hentry"],"acf":[],"yoast_head":"<!-- This site is optimized with the Yoast SEO plugin v25.3 - https:\/\/yoast.com\/wordpress\/plugins\/seo\/ -->\n<title>Como comprar ac\u00e7\u00f5es da Amazon | Coin Insider<\/title>\n<meta name=\"description\" content=\"Este \u00e9 um guia passo a passo sobre como comprar facilmente ac\u00e7\u00f5es da Amazon.\" \/>\n<meta name=\"robots\" content=\"index, follow, max-snippet:-1, max-image-preview:large, max-video-preview:-1\" \/>\n<meta name=\"twitter:label1\" content=\"Est. reading time\" \/>\n\t<meta name=\"twitter:data1\" content=\"7 minutes\" \/>\n<!-- \/ Yoast SEO plugin. -->","yoast_head_json":{"title":"Como comprar ac\u00e7\u00f5es da Amazon | Coin Insider","description":"Este \u00e9 um guia passo a passo sobre como comprar facilmente ac\u00e7\u00f5es da Amazon.","robots":{"index":"index","follow":"follow","max-snippet":"max-snippet:-1","max-image-preview":"max-image-preview:large","max-video-preview":"max-video-preview:-1"},"twitter_misc":{"Est. reading time":"7 minutes"},"schema":{"@context":"https:\/\/schema.org","@graph":[{"@type":"WebPage","@id":"https:\/\/www.coininsider.com\/pt\/como-comprar-accoes-da-amazon\/","url":"https:\/\/www.coininsider.com\/pt\/como-comprar-accoes-da-amazon\/","name":"Como comprar ac\u00e7\u00f5es da Amazon | Coin Insider","isPartOf":{"@id":"https:\/\/www.coininsider.com\/pt\/#website"},"primaryImageOfPage":{"@id":"https:\/\/www.coininsider.com\/pt\/como-comprar-accoes-da-amazon\/#primaryimage"},"image":{"@id":"https:\/\/www.coininsider.com\/pt\/como-comprar-accoes-da-amazon\/#primaryimage"},"thumbnailUrl":"https:\/\/www.coininsider.com\/wp-content\/uploads\/2021\/01\/purchase-amazon-shares.jpg","datePublished":"2021-01-06T16:36:08+00:00","dateModified":"2021-03-19T16:06:27+00:00","description":"Este \u00e9 um guia passo a passo sobre como comprar facilmente ac\u00e7\u00f5es da Amazon.","breadcrumb":{"@id":"https:\/\/www.coininsider.com\/pt\/como-comprar-accoes-da-amazon\/#breadcrumb"},"inLanguage":"pt","potentialAction":[{"@type":"ReadAction","target":["https:\/\/www.coininsider.com\/pt\/como-comprar-accoes-da-amazon\/"]}]},{"@type":"ImageObject","inLanguage":"pt","@id":"https:\/\/www.coininsider.com\/pt\/como-comprar-accoes-da-amazon\/#primaryimage","url":"https:\/\/www.coininsider.com\/wp-content\/uploads\/2021\/01\/purchase-amazon-shares.jpg","contentUrl":"https:\/\/www.coininsider.com\/wp-content\/uploads\/2021\/01\/purchase-amazon-shares.jpg"},{"@type":"BreadcrumbList","@id":"https:\/\/www.coininsider.com\/pt\/como-comprar-accoes-da-amazon\/#breadcrumb","itemListElement":[{"@type":"ListItem","position":1,"name":"Home","item":"https:\/\/www.coininsider.com\/pt\/"},{"@type":"ListItem","position":2,"name":"Como comprar ac\u00e7\u00f5es da Amazon"}]},{"@type":"WebSite","@id":"https:\/\/www.coininsider.com\/pt\/#website","url":"https:\/\/www.coininsider.com\/pt\/","name":"Coin Insider","description":"Not\u00edcias e opini\u00f5es sobre Bitcoin, criptomoeda e com\u00e9rcio","publisher":{"@id":"https:\/\/www.coininsider.com\/pt\/#organization"},"potentialAction":[{"@type":"SearchAction","target":{"@type":"EntryPoint","urlTemplate":"https:\/\/www.coininsider.com\/pt\/?s={search_term_string}"},"query-input":{"@type":"PropertyValueSpecification","valueRequired":true,"valueName":"search_term_string"}}],"inLanguage":"pt"},{"@type":"Organization","@id":"https:\/\/www.coininsider.com\/pt\/#organization","name":"Coin Insider","url":"https:\/\/www.coininsider.com\/pt\/","logo":{"@type":"ImageObject","inLanguage":"pt","@id":"https:\/\/www.coininsider.com\/pt\/#\/schema\/logo\/image\/","url":"https:\/\/www.coininsider.com\/wp-content\/uploads\/2018\/01\/Coin-Insider.png","contentUrl":"https:\/\/www.coininsider.com\/wp-content\/uploads\/2018\/01\/Coin-Insider.png","width":1000,"height":300,"caption":"Coin Insider"},"image":{"@id":"https:\/\/www.coininsider.com\/pt\/#\/schema\/logo\/image\/"}}]}},"_links":{"self":[{"href":"https:\/\/www.coininsider.com\/pt\/wp-json\/wp\/v2\/pages\/112810","targetHints":{"allow":["GET"]}}],"collection":[{"href":"https:\/\/www.coininsider.com\/pt\/wp-json\/wp\/v2\/pages"}],"about":[{"href":"https:\/\/www.coininsider.com\/pt\/wp-json\/wp\/v2\/types\/page"}],"author":[{"embeddable":true,"href":"https:\/\/www.coininsider.com\/pt\/wp-json\/wp\/v2\/users\/32"}],"replies":[{"embeddable":true,"href":"https:\/\/www.coininsider.com\/pt\/wp-json\/wp\/v2\/comments?post=112810"}],"version-history":[{"count":0,"href":"https:\/\/www.coininsider.com\/pt\/wp-json\/wp\/v2\/pages\/112810\/revisions"}],"wp:attachment":[{"href":"https:\/\/www.coininsider.com\/pt\/wp-json\/wp\/v2\/media?parent=112810"}],"curies":[{"name":"wp","href":"https:\/\/api.w.org\/{rel}","templated":true}]}}