{"id":203835,"date":"2023-06-26T21:39:55","date_gmt":"2023-06-26T19:39:55","guid":{"rendered":"https:\/\/www.coininsider.com\/contact-us\/"},"modified":"2025-06-02T11:50:59","modified_gmt":"2025-06-02T09:50:59","slug":"contact-us","status":"publish","type":"page","link":"https:\/\/www.coininsider.com\/pl\/contact-us\/","title":{"rendered":"Skontaktuj si\u0119 z nami"},"content":{"rendered":"<p>W <strong>Coin Insider<\/strong> cenimy przejrzysto\u015b\u0107, wiedz\u0119 eksperck\u0105 oraz otwart\u0105 komunikacj\u0119. Niezale\u017cnie od tego, czy jeste\u015b innowatorem w dziedzinie blockchain, inwestorem, czytelnikiem, dziennikarzem czy partnerem biznesowym, jeste\u015bmy tutaj, aby si\u0119 z Tob\u0105 po\u0142\u0105czy\u0107 i wsp\u00f3\u0142pracowa\u0107. Aby dowiedzie\u0107 si\u0119 wi\u0119cej o naszej misji, warto\u015bciach oraz zasadach redakcyjnych, odwied\u017a nasz\u0105 stron\u0119 <a href=\"https:\/\/www.coininsider.com\/about-us\/\">O nas<\/a>. Nasz zesp\u00f3\u0142 ekspert\u00f3w mo\u017cesz pozna\u0107 na stronie <a href=\"https:\/\/www.coininsider.com\/authors\">Autorzy<\/a>.<\/p>\n<h3><strong>Kontakt og\u00f3lny<\/strong><\/h3>\n<p>W przypadku og\u00f3lnych pyta\u0144 lub zapyta\u0144 dotycz\u0105cych naszych tre\u015bci: <strong>info@coininsider.com<\/strong><\/p>\n<h3><strong>Informacje prasowe<\/strong><\/h3>\n<p>Aby przes\u0142a\u0107 informacje prasowe, skontaktuj si\u0119 z naszym zespo\u0142em redakcyjnym, wysy\u0142aj\u0105c e-mail na adres <strong>press@coininsider.com<\/strong> lub korzystaj\u0105c z bezpiecznego formularza na stronie Press Tips. Je\u015bli chcesz przekaza\u0107 uwagi do opublikowanych artyku\u0142\u00f3w, napisz na adres <strong>editor@coininsider.com<\/strong>.<\/p>\n<h3><strong>Przeka\u017c informacj\u0119 prasow\u0105<\/strong><\/h3>\n<p>Masz wa\u017cn\u0105 wiadomo\u015b\u0107 lub poufn\u0105 informacj\u0119 ze \u015bwiata kryptowalut? Napisz do naszego zespo\u0142u redakcyjnego: <strong>tips@coininsider.com<\/strong><\/p>\n<p>Lub prze\u015blij j\u0105 bezpiecznie, korzystaj\u0105c z naszej strony Press Tips.<\/p>\n<h3><strong>Opinia redakcyjna<\/strong><\/h3>\n<p>Chcesz zg\u0142osi\u0107 sugestie, poprawki lub komentarze do opublikowanych artyku\u0142\u00f3w? Skontaktuj si\u0119 bezpo\u015brednio z nasz\u0105 redakcj\u0105: <strong>editor@coininsider.com<\/strong> Chcesz wiedzie\u0107, kto dla nas pisze? Odwied\u017a stron\u0119 Autorzy.<\/p>\n<h3><strong>Mo\u017cliwo\u015bci wsp\u00f3\u0142pracy<\/strong><\/h3>\n<p>Chcesz wsp\u00f3\u0142pracowa\u0107 z Coin Insider przy wydarzeniach, kampaniach lub inicjatywach strategicznych? <strong>partnerships@coininsider.com<\/strong><\/p>\n<h3><strong>Pytania dotycz\u0105ce reklam<\/strong><\/h3>\n<p>Chcesz promowa\u0107 sw\u00f3j projekt kryptowalutowy na arenie mi\u0119dzynarodowej? Skontaktuj si\u0119 z naszym zespo\u0142em ds. reklamy: <strong>advertising@coininsider.com<\/strong><\/p>\n<h3><strong>Sprawy prawne i zgodno\u015b\u0107<\/strong><\/h3>\n<p>W sprawach prawnych lub zwi\u0105zanych z zgodno\u015bci\u0105: <strong>legal@coininsider.com<\/strong><\/p>\n<h3><strong>Z\u0142\u00f3\u017c skarg\u0119<\/strong><\/h3>\n<p>Bardzo powa\u017cnie traktujemy kwestie dok\u0142adno\u015bci i rzetelno\u015bci. W przypadku formalnych skarg dotycz\u0105cych naszych tre\u015bci, prosimy o kontakt: <strong>complaints@coininsider.com<\/strong><\/p>\n<h3><strong>Wsp\u00f3\u0142praca z Coin Insider<\/strong><\/h3>\n<p>Zapraszamy do wsp\u00f3\u0142pracy do\u015bwiadczonych autor\u00f3w oraz analityk\u00f3w z bran\u017cy kryptowalut i blockchain. Aby dowiedzie\u0107 si\u0119 wi\u0119cej, odwied\u017a stron\u0119 Write for Us.<\/p>\n<p><img loading=\"lazy\" decoding=\"async\" class=\"alignnone size-full wp-image-203754\" src=\"https:\/\/www.coininsider.com\/wp-content\/uploads\/2025\/06\/pexels-photo-840996.webp\" alt=\"male employee email\" width=\"2250\" height=\"1500\" srcset=\"https:\/\/www.coininsider.com\/wp-content\/uploads\/2025\/06\/pexels-photo-840996.webp 2250w, https:\/\/www.coininsider.com\/wp-content\/uploads\/2025\/06\/pexels-photo-840996-1024x683.webp 1024w, https:\/\/www.coininsider.com\/wp-content\/uploads\/2025\/06\/pexels-photo-840996-200x132.webp 200w, https:\/\/www.coininsider.com\/wp-content\/uploads\/2025\/06\/pexels-photo-840996-768x512.webp 768w, https:\/\/www.coininsider.com\/wp-content\/uploads\/2025\/06\/pexels-photo-840996-1536x1024.webp 1536w, https:\/\/www.coininsider.com\/wp-content\/uploads\/2025\/06\/pexels-photo-840996-2048x1365.webp 2048w, https:\/\/www.coininsider.com\/wp-content\/uploads\/2025\/06\/pexels-photo-840996-900x600.webp 900w\" sizes=\"auto, (max-width: 2250px) 100vw, 2250px\" \/><\/p>\n<h3><strong>Nasz adres<\/strong><\/h3>\n<p><strong>Coin Insider Ltd<\/strong> 128 City Road Londyn, EC1V 2NX Wielka Brytania<\/p>\n<h3><strong>Po\u0142\u0105cz si\u0119 z nami online<\/strong><\/h3>\n<p>B\u0105d\u017a na bie\u017c\u0105co z najnowszymi wiadomo\u015bciami i analizami ze \u015bwiata kryptowalut, obserwuj\u0105c nas w mediach spo\u0142eczno\u015bciowych:<\/p>\n<ul>\n<li><a href=\"https:\/\/www.facebook.com\/coininsidernews\">Facebook<\/a><\/li>\n<li><a href=\"https:\/\/x.com\/CoinInsiderMag\">X (dawniej Twitter)<\/a><\/li>\n<li><a href=\"https:\/\/www.reddit.com\/r\/CoinInsiderMagazine\/\">Reddit<\/a><\/li>\n<li><a href=\"https:\/\/t.me\/coininsider_news\">Telegram<\/a><\/li>\n<li><a href=\"https:\/\/www.linkedin.com\/company\/coininsider\/\">LinkedIn<\/a><\/li>\n<\/ul>\n<p>Dzi\u0119kujemy, \u017ce wybra\u0142e\u015b <strong>Coin Insider<\/strong> jako swoje zaufane \u017ar\u00f3d\u0142o informacji o kryptowalutach, analiz blockchain oraz wiadomo\u015bci z bran\u017cy. Czekamy na Tw\u00f3j kontakt.<\/p>\n","protected":false},"excerpt":{"rendered":"<p>Contact Us<\/p>\n","protected":false},"author":2,"featured_media":0,"parent":0,"menu_order":0,"comment_status":"closed","ping_status":"closed","template":"page-inner.php","meta":{"footnotes":""},"class_list":["post-203835","page","type-page","status-publish","hentry"],"acf":[],"yoast_head":"<!-- This site is optimized with the Yoast SEO plugin v25.3 - https:\/\/yoast.com\/wordpress\/plugins\/seo\/ -->\n<title>Skontaktuj si\u0119 z nami | Coin Insider<\/title>\n<meta name=\"description\" content=\"Contact Us\" \/>\n<meta name=\"robots\" content=\"index, follow, max-snippet:-1, max-image-preview:large, max-video-preview:-1\" \/>\n<meta name=\"twitter:label1\" content=\"Szacowany czas czytania\" \/>\n\t<meta name=\"twitter:data1\" content=\"2 minuty\" \/>\n<!-- \/ Yoast SEO plugin. -->","yoast_head_json":{"title":"Skontaktuj si\u0119 z nami | Coin Insider","description":"Contact Us","robots":{"index":"index","follow":"follow","max-snippet":"max-snippet:-1","max-image-preview":"max-image-preview:large","max-video-preview":"max-video-preview:-1"},"twitter_misc":{"Szacowany czas czytania":"2 minuty"},"schema":{"@context":"https:\/\/schema.org","@graph":[{"@type":"WebPage","@id":"https:\/\/www.coininsider.com\/pl\/contact-us\/","url":"https:\/\/www.coininsider.com\/pl\/contact-us\/","name":"Skontaktuj si\u0119 z nami | Coin Insider","isPartOf":{"@id":"https:\/\/www.coininsider.com\/pl\/#website"},"primaryImageOfPage":{"@id":"https:\/\/www.coininsider.com\/pl\/contact-us\/#primaryimage"},"image":{"@id":"https:\/\/www.coininsider.com\/pl\/contact-us\/#primaryimage"},"thumbnailUrl":"https:\/\/www.coininsider.com\/wp-content\/uploads\/2025\/06\/pexels-photo-840996.webp","datePublished":"2023-06-26T19:39:55+00:00","dateModified":"2025-06-02T09:50:59+00:00","description":"Contact Us","breadcrumb":{"@id":"https:\/\/www.coininsider.com\/pl\/contact-us\/#breadcrumb"},"inLanguage":"pl-PL","potentialAction":[{"@type":"ReadAction","target":["https:\/\/www.coininsider.com\/pl\/contact-us\/"]}]},{"@type":"ImageObject","inLanguage":"pl-PL","@id":"https:\/\/www.coininsider.com\/pl\/contact-us\/#primaryimage","url":"https:\/\/www.coininsider.com\/wp-content\/uploads\/2025\/06\/pexels-photo-840996.webp","contentUrl":"https:\/\/www.coininsider.com\/wp-content\/uploads\/2025\/06\/pexels-photo-840996.webp"},{"@type":"BreadcrumbList","@id":"https:\/\/www.coininsider.com\/pl\/contact-us\/#breadcrumb","itemListElement":[{"@type":"ListItem","position":1,"name":"Home","item":"https:\/\/www.coininsider.com\/pl\/"},{"@type":"ListItem","position":2,"name":"Skontaktuj si\u0119 z nami"}]},{"@type":"WebSite","@id":"https:\/\/www.coininsider.com\/pl\/#website","url":"https:\/\/www.coininsider.com\/pl\/","name":"Coin Insider","description":"Wiadomo\u015bci i opinie na temat Bitcoin, kryptowalut i handlu","publisher":{"@id":"https:\/\/www.coininsider.com\/pl\/#organization"},"potentialAction":[{"@type":"SearchAction","target":{"@type":"EntryPoint","urlTemplate":"https:\/\/www.coininsider.com\/pl\/?s={search_term_string}"},"query-input":{"@type":"PropertyValueSpecification","valueRequired":true,"valueName":"search_term_string"}}],"inLanguage":"pl-PL"},{"@type":"Organization","@id":"https:\/\/www.coininsider.com\/pl\/#organization","name":"Coin Insider","url":"https:\/\/www.coininsider.com\/pl\/","logo":{"@type":"ImageObject","inLanguage":"pl-PL","@id":"https:\/\/www.coininsider.com\/pl\/#\/schema\/logo\/image\/","url":"https:\/\/www.coininsider.com\/wp-content\/uploads\/2018\/01\/Coin-Insider.png","contentUrl":"https:\/\/www.coininsider.com\/wp-content\/uploads\/2018\/01\/Coin-Insider.png","width":1000,"height":300,"caption":"Coin Insider"},"image":{"@id":"https:\/\/www.coininsider.com\/pl\/#\/schema\/logo\/image\/"}}]}},"_links":{"self":[{"href":"https:\/\/www.coininsider.com\/pl\/wp-json\/wp\/v2\/pages\/203835","targetHints":{"allow":["GET"]}}],"collection":[{"href":"https:\/\/www.coininsider.com\/pl\/wp-json\/wp\/v2\/pages"}],"about":[{"href":"https:\/\/www.coininsider.com\/pl\/wp-json\/wp\/v2\/types\/page"}],"author":[{"embeddable":true,"href":"https:\/\/www.coininsider.com\/pl\/wp-json\/wp\/v2\/users\/2"}],"replies":[{"embeddable":true,"href":"https:\/\/www.coininsider.com\/pl\/wp-json\/wp\/v2\/comments?post=203835"}],"version-history":[{"count":1,"href":"https:\/\/www.coininsider.com\/pl\/wp-json\/wp\/v2\/pages\/203835\/revisions"}],"predecessor-version":[{"id":203842,"href":"https:\/\/www.coininsider.com\/pl\/wp-json\/wp\/v2\/pages\/203835\/revisions\/203842"}],"wp:attachment":[{"href":"https:\/\/www.coininsider.com\/pl\/wp-json\/wp\/v2\/media?parent=203835"}],"curies":[{"name":"wp","href":"https:\/\/api.w.org\/{rel}","templated":true}]}}