{"id":112805,"date":"2021-01-06T18:29:40","date_gmt":"2021-01-06T16:29:40","guid":{"rendered":"https:\/\/www.coininsider.com\/?page_id=112805"},"modified":"2021-03-19T18:06:14","modified_gmt":"2021-03-19T16:06:14","slug":"jak-kupic-akcje-amazonki","status":"publish","type":"page","link":"https:\/\/www.coininsider.com\/pl\/jak-kupic-akcje-amazonki\/","title":{"rendered":"Jak kupi\u0107 akcje Amazonki"},"content":{"rendered":"<p>Amazonka jest znana na ca\u0142ym \u015bwiecie jako kr\u00f3l e-handlu i cloud computing. Wiele firm mo\u017ce \u015bwiadczy\u0107 o tym, \u017ce Amazon pomog\u0142a im sta\u0107 si\u0119 liderami na rynku. Amazon posiada 40-50 procent dochodu z handlu detalicznego w USA, wi\u0119kszo\u015b\u0107 Amerykan\u00f3w preferuje zakupy na stronie internetowej. To, co wyr\u00f3\u017cnia t\u0119 firm\u0119 na tle konkurencji, to du\u017cy wyb\u00f3r produkt\u00f3w i us\u0142ug, kt\u00f3re oferuj\u0105, klienci p\u0142ac\u0105 jak najmniej, a ich produkty s\u0105 dostarczane w rekordowo kr\u00f3tkim czasie.<\/p>\n<p>W ostatnich latach firma rozszerzy\u0142a swoje us\u0142ugi, m.in. o dostarczanie klientom mo\u017cliwo\u015bci inwestycyjnych w postaci akcji. Postanowili\u015bmy zbada\u0107, czy akcje te s\u0105 op\u0142acalne. Wszystkie informacje potrzebne do podj\u0119cia \u015bwiadomej decyzji mo\u017cna znale\u017a\u0107 w poni\u017cszym przewodniku:<\/p>\n<h2>Czy powiniene\u015b kupi\u0107 akcje Amazonki?<\/h2>\n<p>Zanim zaczniesz inwestowa\u0107 w Amazon Stock, wa\u017cne jest, aby\u015b zna\u0142 wszystkie podstawy wraz z jej zmianami cen i prognozami.     <aside class=\"review-badge push-bottom clearboth\">\n\n        <div class=\"ff-grid\">\n\n            <div class=\"ff-column ff-span-4 text-center\">\n                <a href=\"#register\" rel=\"nofollow\">\n                    <img loading=\"lazy\" decoding=\"async\" src=\"https:\/\/www.coininsider.com\/wp-content\/plugins\/funnel-form\/\/funnels\/img\/etoro-logo.png\" alt=\"eToro\" width=\"250\" height=\"70\"\/>                <\/a>\n                            <\/div>\n\n                            <div class=\"ff-column ff-span-5 text-center\">\n                                            <div class=\"rating\">\n                            <div class=\"thumbs\">\n                                <strong>Ocena<\/strong><br \/>\n                                <img loading=\"lazy\" decoding=\"async\" src=\"https:\/\/www.coininsider.com\/wp-content\/plugins\/funnel-form\/\/assets\/images\/votes.png\" width=\"70\" height=\"42\"\/>\n                            <\/div>\n                            <div class=\"score\">\n                                <p class=\"rating\">95%<\/p>\n                                \n                                <span class=\"verified text-center\">\n                                    \u015awietny                                <\/span>\n                                <p class=\"verified text-center\">\n                                    Przetestowane                                <\/p>\n                            <\/div>\n                        <\/div>\n                                                        <\/div>\n            \n            <div class=\"ff-column ff-span-3 text-center\">\n                                    <p style=\"margin-bottom: 5px;\">\n                        <strong>Spr\u00f3buj eToro<\/strong>\n                    <\/p>\n                                                    <a class=\"button btn-primary\"\n                       href=\"#register\" rel=\"nofollow\">\n                        eToro                    <\/a>\n                            <\/div>\n        <\/div>\n    <\/aside>\n    <\/p>\n<h3>Historia cen akcji Amazonii<\/h3>\n<p>Jak wspomniano wcze\u015bniej, Amazon jest znana ze swojego modelu handlu elektronicznego i jest to model, kt\u00f3ry przez lata powielany by\u0142 przez wiele firm. Pocz\u0105tkowo Amazon by\u0142 tylko ksi\u0119garni\u0105 internetow\u0105, kt\u00f3ra p\u00f3\u017aniej rozszerzy\u0142a si\u0119 na rozrywk\u0119 cyfrow\u0105, cloud computing i produkty mobilne. Dzi\u015b wi\u0119kszo\u015b\u0107 produkt\u00f3w detalicznych mo\u017cna kupi\u0107 na stronie internetowej. Jako sprzedawca internetowy, Amazon korzysta\u0142a z medi\u00f3w spo\u0142eczno\u015bciowych i szerszych sieci.<\/p>\n<p>Na ca\u0142ym \u015bwiecie jest oko\u0142o dw\u00f3ch milion\u00f3w sprzedawc\u00f3w i 300 milion\u00f3w u\u017cytkownik\u00f3w. Media spo\u0142eczno\u015bciowe sprawi\u0142y, \u017ce to\u017csamo\u015b\u0107 marki sta\u0142a si\u0119 pot\u0119\u017cniejszym narz\u0119dziem marketingowym. Nie jest zaskoczeniem, \u017ce Amazon jest uwa\u017cana za jedn\u0105 z najwa\u017cniejszych warto\u015bci marki w 2019 roku. Podaje si\u0119, \u017ce reklamy online i efekty sieciowe pomog\u0142y sprzeda\u0107 50 miliard\u00f3w dolar\u00f3w w produktach w 2019 roku, zwi\u0119kszaj\u0105c ca\u0142kowity doch\u00f3d z 20,5 % do 280 miliard\u00f3w dolar\u00f3w Amazon oferuje swoim u\u017cytkownikom natychmiastow\u0105 gratyfikacj\u0119 dzi\u0119ki 1-dniowej polityce dostaw.<\/p>\n<p>Sprzeda\u017c w sklepach cyfrowych wzros\u0142a z 14,8% do 141 mld USD w 2019 roku. Polityka 1-dniowej dostawy zosta\u0142a wdro\u017cona dopiero w ostatnim kwartale, ale doprowadzi\u0142a do najwi\u0119kszego wzrostu abonament\u00f3w Prime. U\u017cytkownicy, kt\u00f3rzy posiadaj\u0105 prenumerat\u0119 Prime, maj\u0105 mi\u0119dzy innymi bonusy zakupowe, muzyk\u0119 i filmy. Dzi\u0119ki Amazon mo\u017cesz kupowa\u0107 szerok\u0105 gam\u0119 produkt\u00f3w i us\u0142ug, w tym meble, smartfony i artyku\u0142y spo\u017cywcze. Wszystkie z nich mog\u0105 by\u0107 dostarczone do Twoich drzwi.<\/p>\n<h3>Amazon Stock Performance<\/h3>\n<p>Amazonka unicestwia swoich konkurent\u00f3w, zw\u0142aszcza w czasie pandemii COVID-9, kt\u00f3ra spowodowa\u0142a spowolnienie na rynkach w 2020 roku. Amazon handluje akcjami o wysokiej wydajno\u015bci technologicznej, powszechnie nazywanymi FAANG (Facebook, Amazon, Apple, Netflix i Google). Wykorzystuj\u0105c FAANG, akcje Amazon zwr\u00f3ci\u0142y udzia\u0142owcom 10,77% w ci\u0105gu ostatniego roku. Podczas tej globalnej pandemii, Amazon Stock okaza\u0142 si\u0119 by\u0107 bardziej odporny.<\/p>\n<h2>Jak dzia\u0142a dywidenda od akcji Amazon&#8217;s Stock Dividend?<\/h2>\n<p>Amazon nie wyp\u0142aca swoim u\u017cytkownikom dywidend. Zamiast wyp\u0142aca\u0107 dywidendy, Amazon stale reinwestuje w sw\u00f3j biznes. Obejmuje to mi\u0119dzy innymi inwestowanie w wi\u0119ksz\u0105 ilo\u015b\u0107 tre\u015bci wideo dla Amazon Prime Video, budow\u0119 nowych centr\u00f3w danych oraz zatrudnianie setek in\u017cynier\u00f3w oprogramowania. Z naszych bada\u0144 wynika, \u017ce warto\u015b\u0107 akcji Amazon wzros\u0142a do 130,000%. Istniej\u0105 raporty wskazuj\u0105ce, \u017ce wielu inwestor\u00f3w oczekuje, \u017ce Amazon stworzy warto\u015b\u0107 akcji po niedawnym przej\u0119ciu firmy Whole Foods o warto\u015bci 13,7 mld dolar\u00f3w.<\/p>\n<h3><strong>Dobra wiadomo\u015b\u0107 jest taka, \u017ce podej\u015bcie Amazonki doprowadzi\u0142o do niesamowitych zwrot\u00f3w<\/strong><\/h3>\n<p>Jako inwestor zawsze wa\u017cne jest, aby wiedzie\u0107, w jaki spos\u00f3b firma, kt\u00f3rej ufasz, wydaje swoje \u015brodki finansowe. W przypadku z\u0142ej inwestycji wszystkie zyski i przep\u0142ywy pieni\u0119\u017cne, kt\u00f3re firma generuje w ci\u0105gu kilku lat, mog\u0105 w og\u00f3le nie trafi\u0107 do akcjonariuszy, je\u015bli dochody zostan\u0105 wydane na s\u0142abe przej\u0119cia. Alternatyw\u0105 jest to, \u017ce firma mo\u017ce reinwestowa\u0107 wszystkie swoje przep\u0142ywy pieni\u0119\u017cne przy wysokich zyskach i uczyni\u0107 firm\u0119 znacznie bardziej warto\u015bciow\u0105 w d\u0142u\u017cszej perspektywie. Takie jest podej\u015bcie firmy Amazon.<\/p>\n<h2>W jaki spos\u00f3b mo\u017cna uzyska\u0107 zwrot z inwestycji w Amazon?<\/h2>\n<p>Dzi\u0119ki podej\u015bciu Amazon, jej roczne przychody wzros\u0142y ze 148 milion\u00f3w dolar\u00f3w w 1997 roku do 281 miliard\u00f3w dolar\u00f3w w 2019 roku. Niekt\u00f3rzy mog\u0105 s\u0105dzi\u0107, \u017ce to jest absolutnie fa\u0142szywe, ale to prawda. Amazon zarz\u0105dza\u0142a 1898-krotnym wzrostem sprzeda\u017cy netto w ci\u0105gu 22 lat. Ca\u0142y ten wzrost zosta\u0142 osi\u0105gni\u0119ty bez pozyskania \u017cadnego kapita\u0142u w\u0142asnego. Firma generowa\u0142a przychody z w\u0142asnej dzia\u0142alno\u015bci i wykorzystywa\u0142a je w ca\u0142o\u015bci do reinwestowania w rozw\u00f3j, badania i rozw\u00f3j biznesu.<\/p>\n<p>Inwestorzy poszukuj\u0105cy dywidendy musz\u0105 zrozumie\u0107, \u017ce Amazon ma siln\u0105 reputacj\u0119 firmy generuj\u0105cej du\u017co wi\u0119cej ni\u017c jednego dolara z ka\u017cdego dolara kapita\u0142u akcjonariusza, kt\u00f3ry zachowuje w swojej dzia\u0142alno\u015bci. Oznacza to, \u017ce tak d\u0142ugo, jak istniej\u0105 mo\u017cliwo\u015bci reinwestycji, inwestorzy powinni zawsze wybiera\u0107 firm\u0119, kt\u00f3ra przeznacza swoje pieni\u0105dze na prac\u0119, a nie na wyp\u0142at\u0119 dywidendy. Inwestorzy, kt\u00f3rzy poszukuj\u0105 dywidendy, zawsze mog\u0105 stworzy\u0107 sw\u00f3j w\u0142asny, sprzedaj\u0105c co jaki\u015b czas niewielk\u0105 ilo\u015b\u0107 swoich akcji. Je\u015bli zdecydujesz si\u0119 p\u00f3j\u015b\u0107 t\u0105 drog\u0105, potrzebujesz rachunku brokerskiego, kt\u00f3ry pozwala na handel akcjami u\u0142amkowymi, bior\u0105c pod uwag\u0119 jedn\u0105 akcj\u0119 Amazon idzie o oko\u0142o 3.100 dolar\u00f3w.<\/p>\n<h2>Jak kupi\u0107 akcje Amazon z eToro<\/h2>\n<h3>1. Stw\u00f3rz swoje konto eToro<\/h3>\n<p>Tworzenie konta eToro jest szybkie i proste. Wystarczy, \u017ce zarejestrujesz si\u0119, u\u017cywaj\u0105c podstawowych danych kontaktowych i adresu e-mail i w ci\u0105gu kilku minut zalogujesz si\u0119 na swoje nowo utworzone konto eToro.<\/p>\n    <aside class=\"review-badge push-bottom clearboth\">\n\n        <div class=\"ff-grid\">\n\n            <div class=\"ff-column ff-span-4 text-center\">\n                <a href=\"#register\" rel=\"nofollow\">\n                    <img loading=\"lazy\" decoding=\"async\" src=\"https:\/\/www.coininsider.com\/wp-content\/plugins\/funnel-form\/\/funnels\/img\/etoro-logo.png\" alt=\"eToro\" width=\"250\" height=\"70\"\/>                <\/a>\n                            <\/div>\n\n                            <div class=\"ff-column ff-span-5 text-center\">\n                                            <div class=\"rating\">\n                            <div class=\"thumbs\">\n                                <strong>Ocena<\/strong><br \/>\n                                <img loading=\"lazy\" decoding=\"async\" src=\"https:\/\/www.coininsider.com\/wp-content\/plugins\/funnel-form\/\/assets\/images\/votes.png\" width=\"70\" height=\"42\"\/>\n                            <\/div>\n                            <div class=\"score\">\n                                <p class=\"rating\">95%<\/p>\n                                \n                                <span class=\"verified text-center\">\n                                    \u015awietny                                <\/span>\n                                <p class=\"verified text-center\">\n                                    Przetestowane                                <\/p>\n                            <\/div>\n                        <\/div>\n                                                        <\/div>\n            \n            <div class=\"ff-column ff-span-3 text-center\">\n                                    <p style=\"margin-bottom: 5px;\">\n                        <strong>Spr\u00f3buj eToro<\/strong>\n                    <\/p>\n                                                    <a class=\"button btn-primary\"\n                       href=\"#register\" rel=\"nofollow\">\n                        eToro                    <\/a>\n                            <\/div>\n        <\/div>\n    <\/aside>\n    \n<h3>2. Wype\u0142nij sw\u00f3j profil<\/h3>\n<p>Po utworzeniu konta, zostaniesz poproszony o uzupe\u0142nienie swojego profilu przed rozpocz\u0119ciem handlu. Te informacje s\u0105 obowi\u0105zkowe i s\u0105 wykorzystywane w celu zapewnienia zgodno\u015bci z przepisami AML i CTF. Kiedy to zostanie zrobione, kliknij na przycisk pe\u0142nego profilu pod swoj\u0105 nazw\u0105 u\u017cytkownika i wykonaj kolejne kroki.<\/p>\n<h3>3. Zasili\u0107 swoje konto eToro<\/h3>\n<p>Po zako\u0144czeniu zak\u0142adania konta i rejestracji, b\u0119dziesz musia\u0142 zasili\u0107 swoje konto. Minimalny depozyt akceptowany obecnie przez eToro to $200, lub jego r\u00f3wnowarto\u015b\u0107 w innych walutach. eToro oferuje szeroki wachlarz metod p\u0142atno\u015bci, w tym Kart\u0119 Kredytow\u0105 i Debetow\u0105, Paypal, Przelew Bankowy i inne.<\/p>\n<h3>4. Kupno akcji Amazonka<\/h3>\n<p>Po zasileniu konta mo\u017cesz zacz\u0105\u0107 od handlu akcjami na eToro. Masz wyb\u00f3r pomi\u0119dzy kupnem akcji lub jej skr\u00f3ceniem. Zale\u017cy to od tego, jak przewidujesz, \u017ce rynek p\u00f3jdzie do przodu.<\/p>\n<h3><strong>Oto proste kroki, jak kupi\u0107 swoje akcje na eToro<\/strong><\/h3>\n<h3>Krok 1: Wyszukiwanie Amazonki<\/h3>\n<p id=\"gdcalert1\"><img loading=\"lazy\" decoding=\"async\" class=\"aligncenter wp-image-112690 size-full\" src=\"https:\/\/www.coininsider.com\/wp-content\/uploads\/2021\/01\/purchase-amazon-shares.jpg\" alt=\"how to buy amazon stock\" width=\"768\" height=\"542\" data-wp-pid=\"112683\" \/><\/p>\n<h3>Krok 2: Kliknij na opcj\u0119 Handel<\/h3>\n<p id=\"gdcalert2\"><img loading=\"lazy\" decoding=\"async\" class=\"aligncenter size-full wp-image-112690\" src=\"https:\/\/www.coininsider.com\/wp-content\/uploads\/2021\/01\/purchase-amazon-shares.jpg\" alt=\"buying amazon shares\" width=\"768\" height=\"542\" data-wp-pid=\"112690\" \/> <img loading=\"lazy\" decoding=\"async\" class=\"aligncenter size-full wp-image-112697\" src=\"https:\/\/www.coininsider.com\/wp-content\/uploads\/2021\/01\/buy-amazon-shares-2.jpg\" alt=\"\" width=\"1526\" height=\"982\" data-wp-pid=\"112697\" \/><\/p>\n<h3>Krok 3: Kliknij na opcj\u0119 zakupu<\/h3>\n<p id=\"gdcalert3\"><img loading=\"lazy\" decoding=\"async\" class=\"aligncenter size-full wp-image-112683\" src=\"https:\/\/www.coininsider.com\/wp-content\/uploads\/2021\/01\/buy-amazon-stock-1.jpg\" alt=\"how to buy amazon shares\" width=\"768\" height=\"854\" data-wp-pid=\"112683\" \/><\/p>\n<h2>Inwestowanie w akcje Amazonki: Nasze Ostateczne My\u015bli<\/h2>\n<p>By\u0107 mo\u017ce zastanawiasz si\u0119, czy inwestowanie w akcje Amazonki to taki dobry pomys\u0142. C\u00f3\u017c, zdecydowanie tak uwa\u017camy. Amazon udowadnia, \u017ce nowe linie biznesowe zmieniaj\u0105 si\u0119 w rentownych lider\u00f3w bran\u017cy. W sytuacji, gdy \u015bwiatowa gie\u0142da papier\u00f3w warto\u015bciowych podupada, mo\u017ce to by\u0107 najlepszy moment na inwestowanie w akcje Amazonki. Kiedy jeste\u015b gotowy do rozpocz\u0119cia inwestycji, zalecamy zrobi\u0107 to za po\u015brednictwem regulowanego i zaufanego brokera, takiego jak eToro.<\/p>\n    <aside class=\"review-badge push-bottom clearboth\">\n\n        <div class=\"ff-grid\">\n\n            <div class=\"ff-column ff-span-4 text-center\">\n                <a href=\"#register\" rel=\"nofollow\">\n                    <img loading=\"lazy\" decoding=\"async\" src=\"https:\/\/www.coininsider.com\/wp-content\/plugins\/funnel-form\/\/funnels\/img\/etoro-logo.png\" alt=\"eToro\" width=\"250\" height=\"70\"\/>                <\/a>\n                            <\/div>\n\n                            <div class=\"ff-column ff-span-5 text-center\">\n                                            <div class=\"rating\">\n                            <div class=\"thumbs\">\n                                <strong>Ocena<\/strong><br \/>\n                                <img loading=\"lazy\" decoding=\"async\" src=\"https:\/\/www.coininsider.com\/wp-content\/plugins\/funnel-form\/\/assets\/images\/votes.png\" width=\"70\" height=\"42\"\/>\n                            <\/div>\n                            <div class=\"score\">\n                                <p class=\"rating\">95%<\/p>\n                                \n                                <span class=\"verified text-center\">\n                                    \u015awietny                                <\/span>\n                                <p class=\"verified text-center\">\n                                    Przetestowane                                <\/p>\n                            <\/div>\n                        <\/div>\n                                                        <\/div>\n            \n            <div class=\"ff-column ff-span-3 text-center\">\n                                    <p style=\"margin-bottom: 5px;\">\n                        <strong>Spr\u00f3buj eToro<\/strong>\n                    <\/p>\n                                                    <a class=\"button btn-primary\"\n                       href=\"#register\" rel=\"nofollow\">\n                        eToro                    <\/a>\n                            <\/div>\n        <\/div>\n    <\/aside>\n    \n","protected":false},"excerpt":{"rendered":"<p>To jest przewodnik krok po kroku, jak \u0142atwo kupi\u0107 akcje Amazon.<\/p>\n","protected":false},"author":32,"featured_media":0,"parent":0,"menu_order":0,"comment_status":"closed","ping_status":"closed","template":"template-bridging.php","meta":{"footnotes":""},"class_list":["post-112805","page","type-page","status-publish","hentry"],"acf":[],"yoast_head":"<!-- This site is optimized with the Yoast SEO plugin v25.3 - https:\/\/yoast.com\/wordpress\/plugins\/seo\/ -->\n<title>Jak kupi\u0107 akcje Amazonki | Coin Insider<\/title>\n<meta name=\"description\" content=\"To jest przewodnik krok po kroku, jak \u0142atwo kupi\u0107 akcje Amazon.\" \/>\n<meta name=\"robots\" content=\"index, follow, max-snippet:-1, max-image-preview:large, max-video-preview:-1\" \/>\n<meta name=\"twitter:label1\" content=\"Szacowany czas czytania\" \/>\n\t<meta name=\"twitter:data1\" content=\"6 minut\" \/>\n<!-- \/ Yoast SEO plugin. -->","yoast_head_json":{"title":"Jak kupi\u0107 akcje Amazonki | Coin Insider","description":"To jest przewodnik krok po kroku, jak \u0142atwo kupi\u0107 akcje Amazon.","robots":{"index":"index","follow":"follow","max-snippet":"max-snippet:-1","max-image-preview":"max-image-preview:large","max-video-preview":"max-video-preview:-1"},"twitter_misc":{"Szacowany czas czytania":"6 minut"},"schema":{"@context":"https:\/\/schema.org","@graph":[{"@type":"WebPage","@id":"https:\/\/www.coininsider.com\/pl\/jak-kupic-akcje-amazonki\/","url":"https:\/\/www.coininsider.com\/pl\/jak-kupic-akcje-amazonki\/","name":"Jak kupi\u0107 akcje Amazonki | Coin Insider","isPartOf":{"@id":"https:\/\/www.coininsider.com\/pl\/#website"},"primaryImageOfPage":{"@id":"https:\/\/www.coininsider.com\/pl\/jak-kupic-akcje-amazonki\/#primaryimage"},"image":{"@id":"https:\/\/www.coininsider.com\/pl\/jak-kupic-akcje-amazonki\/#primaryimage"},"thumbnailUrl":"https:\/\/www.coininsider.com\/wp-content\/uploads\/2021\/01\/purchase-amazon-shares.jpg","datePublished":"2021-01-06T16:29:40+00:00","dateModified":"2021-03-19T16:06:14+00:00","description":"To jest przewodnik krok po kroku, jak \u0142atwo kupi\u0107 akcje Amazon.","breadcrumb":{"@id":"https:\/\/www.coininsider.com\/pl\/jak-kupic-akcje-amazonki\/#breadcrumb"},"inLanguage":"pl-PL","potentialAction":[{"@type":"ReadAction","target":["https:\/\/www.coininsider.com\/pl\/jak-kupic-akcje-amazonki\/"]}]},{"@type":"ImageObject","inLanguage":"pl-PL","@id":"https:\/\/www.coininsider.com\/pl\/jak-kupic-akcje-amazonki\/#primaryimage","url":"https:\/\/www.coininsider.com\/wp-content\/uploads\/2021\/01\/purchase-amazon-shares.jpg","contentUrl":"https:\/\/www.coininsider.com\/wp-content\/uploads\/2021\/01\/purchase-amazon-shares.jpg"},{"@type":"BreadcrumbList","@id":"https:\/\/www.coininsider.com\/pl\/jak-kupic-akcje-amazonki\/#breadcrumb","itemListElement":[{"@type":"ListItem","position":1,"name":"Home","item":"https:\/\/www.coininsider.com\/pl\/"},{"@type":"ListItem","position":2,"name":"Jak kupi\u0107 akcje Amazonki"}]},{"@type":"WebSite","@id":"https:\/\/www.coininsider.com\/pl\/#website","url":"https:\/\/www.coininsider.com\/pl\/","name":"Coin Insider","description":"Wiadomo\u015bci i opinie na temat Bitcoin, kryptowalut i handlu","publisher":{"@id":"https:\/\/www.coininsider.com\/pl\/#organization"},"potentialAction":[{"@type":"SearchAction","target":{"@type":"EntryPoint","urlTemplate":"https:\/\/www.coininsider.com\/pl\/?s={search_term_string}"},"query-input":{"@type":"PropertyValueSpecification","valueRequired":true,"valueName":"search_term_string"}}],"inLanguage":"pl-PL"},{"@type":"Organization","@id":"https:\/\/www.coininsider.com\/pl\/#organization","name":"Coin Insider","url":"https:\/\/www.coininsider.com\/pl\/","logo":{"@type":"ImageObject","inLanguage":"pl-PL","@id":"https:\/\/www.coininsider.com\/pl\/#\/schema\/logo\/image\/","url":"https:\/\/www.coininsider.com\/wp-content\/uploads\/2018\/01\/Coin-Insider.png","contentUrl":"https:\/\/www.coininsider.com\/wp-content\/uploads\/2018\/01\/Coin-Insider.png","width":1000,"height":300,"caption":"Coin Insider"},"image":{"@id":"https:\/\/www.coininsider.com\/pl\/#\/schema\/logo\/image\/"}}]}},"_links":{"self":[{"href":"https:\/\/www.coininsider.com\/pl\/wp-json\/wp\/v2\/pages\/112805","targetHints":{"allow":["GET"]}}],"collection":[{"href":"https:\/\/www.coininsider.com\/pl\/wp-json\/wp\/v2\/pages"}],"about":[{"href":"https:\/\/www.coininsider.com\/pl\/wp-json\/wp\/v2\/types\/page"}],"author":[{"embeddable":true,"href":"https:\/\/www.coininsider.com\/pl\/wp-json\/wp\/v2\/users\/32"}],"replies":[{"embeddable":true,"href":"https:\/\/www.coininsider.com\/pl\/wp-json\/wp\/v2\/comments?post=112805"}],"version-history":[{"count":0,"href":"https:\/\/www.coininsider.com\/pl\/wp-json\/wp\/v2\/pages\/112805\/revisions"}],"wp:attachment":[{"href":"https:\/\/www.coininsider.com\/pl\/wp-json\/wp\/v2\/media?parent=112805"}],"curies":[{"name":"wp","href":"https:\/\/api.w.org\/{rel}","templated":true}]}}