{"id":112796,"date":"2021-01-06T18:14:15","date_gmt":"2021-01-06T16:14:15","guid":{"rendered":"https:\/\/www.coininsider.com\/?page_id=112796"},"modified":"2021-03-19T18:05:04","modified_gmt":"2021-03-19T16:05:04","slug":"comprar-acciones-de-amazon","status":"publish","type":"page","link":"https:\/\/www.coininsider.com\/es\/comprar-acciones-de-amazon\/","title":{"rendered":"C\u00f3mo comprar acciones de Amazon"},"content":{"rendered":"<p>Amazon es conocido mundialmente como el rey del comercio electr\u00f3nico y de la computaci\u00f3n en nube. Muchas empresas pueden atestiguar el hecho de que Amazon les ha ayudado a convertirse en l\u00edderes del mercado. Amazon posee el 40-50 por ciento de los ingresos por ventas al por menor de los Estados Unidos, la mayor\u00eda de los estadounidenses prefieren comprar en el sitio web. Lo que distingue a esta empresa de sus competidores es la gran selecci\u00f3n de productos y servicios que ofrece, los clientes pagan lo menos posible y sus productos se entregan en un tiempo r\u00e9cord.<\/p>\n<p>En los \u00faltimos a\u00f1os, la empresa ha ampliado sus servicios, lo que incluye ofrecer a los clientes oportunidades de inversi\u00f3n en forma de acciones. Decidimos investigar si estas acciones son rentables. En la siguiente gu\u00eda encontrar\u00e1 toda la informaci\u00f3n necesaria para tomar una decisi\u00f3n informada:<\/p>\n<h2>\u00bfDeber\u00eda comprar acciones de Amazon?<\/h2>\n<p>Antes de invertir en acciones de la Amazonia, es importante que conozca todos los fundamentos junto con sus movimientos de precios y previsiones.<\/p>\n    <aside class=\"review-badge push-bottom clearboth\">\n\n        <div class=\"ff-grid\">\n\n            <div class=\"ff-column ff-span-4 text-center\">\n                <a href=\"#register\" rel=\"nofollow\">\n                    <img loading=\"lazy\" decoding=\"async\" src=\"https:\/\/www.coininsider.com\/wp-content\/plugins\/funnel-form\/\/funnels\/img\/etoro-logo.png\" alt=\"eToro\" width=\"250\" height=\"70\"\/>                <\/a>\n                            <\/div>\n\n                            <div class=\"ff-column ff-span-5 text-center\">\n                                            <div class=\"rating\">\n                            <div class=\"thumbs\">\n                                <strong>Clasificaci\u00f3n<\/strong><br \/>\n                                <img loading=\"lazy\" decoding=\"async\" src=\"https:\/\/www.coininsider.com\/wp-content\/plugins\/funnel-form\/\/assets\/images\/votes.png\" width=\"70\" height=\"42\"\/>\n                            <\/div>\n                            <div class=\"score\">\n                                <p class=\"rating\">95%<\/p>\n                                \n                                <span class=\"verified text-center\">\n                                    Excelente                                <\/span>\n                                <p class=\"verified text-center\">\n                                    Probado y verificado                                <\/p>\n                            <\/div>\n                        <\/div>\n                                                        <\/div>\n            \n            <div class=\"ff-column ff-span-3 text-center\">\n                                    <p style=\"margin-bottom: 5px;\">\n                        <strong>Prueba eToro<\/strong>\n                    <\/p>\n                                                    <a class=\"button btn-primary\"\n                       href=\"#register\" rel=\"nofollow\">\n                        eToro                    <\/a>\n                            <\/div>\n        <\/div>\n    <\/aside>\n    \n<h3>Historia del precio de las acciones de Amazon<\/h3>\n<p>Como se mencion\u00f3 anteriormente, Amazon es conocida por su modelo de comercio electr\u00f3nico y es uno que ha sido duplicado por muchas empresas a trav\u00e9s de los a\u00f1os. Al principio, Amazon era s\u00f3lo una librer\u00eda en l\u00ednea, que luego se expandi\u00f3 al entretenimiento digital, la computaci\u00f3n en nube y los productos m\u00f3viles. Hoy en d\u00eda, la mayor\u00eda de los productos de venta al por menor se pueden comprar en el sitio. Como minorista en l\u00ednea, Amazon se ha beneficiado positivamente de los medios sociales y de las redes m\u00e1s amplias.<\/p>\n<p>Hay aproximadamente dos millones de vendedores y 300 millones de usuarios en todo el mundo. Los medios sociales han ayudado a hacer de la identidad de la marca una herramienta de marketing m\u00e1s poderosa. No es una sorpresa que Amazon sea considerada como una de las marcas con mayor valor en 2019. Se informa que los anuncios en l\u00ednea y los efectos de red ayudaron a vender 50.000 millones de d\u00f3lares en productos en 2019, aumentando sus ingresos totales del 20,5% a 280.000 millones de d\u00f3lares Amazon ofrece a sus usuarios una gratificaci\u00f3n instant\u00e1nea con su pol\u00edtica de entrega en un d\u00eda.<\/p>\n<p>Las ventas de la tienda digital han aumentado de 14,8% a 141.000 millones de d\u00f3lares en 2019. La pol\u00edtica de entrega en 1 d\u00eda s\u00f3lo se implement\u00f3 en el \u00faltimo trimestre, pero condujo al mayor aumento en las suscripciones Prime. Los usuarios que tienen suscripciones Prime tienen ventajas de compra, m\u00fasica y pel\u00edculas entre otros beneficios.<\/p>\n<p>Con Amazon pueden comprar una amplia variedad de productos y servicios, incluyendo muebles, tel\u00e9fonos inteligentes y comestibles. Todos los cuales pueden ser entregados en la puerta de tu casa.<\/p>\n<h3>Rendimiento de las acciones de Amazon<\/h3>\n<p>Amazon Stock est\u00e1 aniquilando a sus competidores, especialmente durante la pandemia COVID-9, que ha causado una ca\u00edda de los mercados en 2020. Amazon negocia utilizando acciones de tecnolog\u00eda de alto rendimiento, com\u00fanmente conocidas como FAANG (Facebook, Amazon, Apple, Netflix y Google). Usando FAANG, las acciones de Amazon han devuelto el 10,77% a los accionistas durante el \u00faltimo a\u00f1o. Durante esta pandemia global, las acciones de Amazon han demostrado ser m\u00e1s resistentes.<\/p>\n<h2>\u00bfC\u00f3mo funciona el dividendo de las acciones de Amazon?<\/h2>\n<p>Amazon no paga dividendos a sus usuarios. En lugar de pagar dividendos, Amazon est\u00e1 reinvirtiendo constantemente en su negocio. Esto incluye la inversi\u00f3n en m\u00e1s contenido de video para Amazon Prime Video, la construcci\u00f3n de nuevos centros de datos y la contrataci\u00f3n de cientos de ingenieros de software, entre otras inversiones. De nuestra investigaci\u00f3n hemos encontrado que el valor de las acciones de Amazon se ha incrementado al 130,000%. Hay reportes que indican que muchos inversionistas esperan que Amazon cree valor para sus accionistas con su reciente adquisici\u00f3n de Whole Foods por 13.7 billones de d\u00f3lares.<\/p>\n<h3><strong>La buena noticia es que el enfoque de Amazon ha llevado a retornos asombrosos<\/strong><\/h3>\n<p>Como inversor, siempre es importante saber c\u00f3mo gasta sus ingresos la empresa en la que ha confiado sus fondos. En caso de que usted haga una mala inversi\u00f3n, todas las ganancias y el flujo de caja que una empresa genera a lo largo de varios a\u00f1os pueden no acumularse para los accionistas en absoluto si los ingresos se gastan en adquisiciones deficientes. La alternativa es que una empresa pueda reinvertir todo su flujo de caja con un alto rendimiento y hacer que la empresa sea significativamente m\u00e1s valiosa a largo plazo. Este es el enfoque de Amazon.<\/p>\n<h2>\u00bfC\u00f3mo recibir\u00e1 un retorno de su inversi\u00f3n con Amazon?<\/h2>\n<p>Con el enfoque de Amazon, sus ingresos anuales han crecido de 148 millones de d\u00f3lares en 1997 a 281.000 millones de d\u00f3lares en 2019. Algunos pueden pensar que esto es absolutamente falso, pero es cierto. Amazon ha logrado multiplicar por 1.898 las ventas netas en 22 a\u00f1os. Todo este crecimiento se logr\u00f3 sin recaudar ning\u00fan capital social.<\/p>\n<p>La compa\u00f1\u00eda ha generado ingresos de su propio negocio y lo ha utilizado todo para reinvertir en crecimiento, investigaci\u00f3n y desarrollo empresarial. Los inversionistas que buscan dividendos deben entender que Amazon tiene la fuerte reputaci\u00f3n de generar mucho m\u00e1s de un d\u00f3lar por cada d\u00f3lar de capital accionario que retiene en su negocio. Esto significa que mientras existan las oportunidades de reinversi\u00f3n, los inversores siempre deben optar por una empresa que ponga su dinero a trabajar en lugar de pagar un dividendo.<\/p>\n<p>Los inversionistas que buscan dividendos siempre pueden crear los suyos vendiendo una peque\u00f1a cantidad de sus acciones de vez en cuando. Si elige esta ruta requiere una cuenta de corretaje que permita el comercio de acciones fraccionadas, considerando que una acci\u00f3n de Amazon vale alrededor de 3.100 d\u00f3lares.<\/p>\n<h2>C\u00f3mo comprar acciones de Amazon con eToro<\/h2>\n<h3>1. Cree su cuenta de eToro<\/h3>\n<p>Crear su cuenta de eToro es r\u00e1pido y f\u00e1cil. Todo lo que necesita hacer es registrarse, utilizando sus datos b\u00e1sicos de contacto y su direcci\u00f3n de correo electr\u00f3nico e ingresar a su cuenta de eToro reci\u00e9n creada en cuesti\u00f3n de minutos.     <aside class=\"review-badge push-bottom clearboth\">\n\n        <div class=\"ff-grid\">\n\n            <div class=\"ff-column ff-span-4 text-center\">\n                <a href=\"#register\" rel=\"nofollow\">\n                    <img loading=\"lazy\" decoding=\"async\" src=\"https:\/\/www.coininsider.com\/wp-content\/plugins\/funnel-form\/\/funnels\/img\/etoro-logo.png\" alt=\"eToro\" width=\"250\" height=\"70\"\/>                <\/a>\n                            <\/div>\n\n                            <div class=\"ff-column ff-span-5 text-center\">\n                                            <div class=\"rating\">\n                            <div class=\"thumbs\">\n                                <strong>Clasificaci\u00f3n<\/strong><br \/>\n                                <img loading=\"lazy\" decoding=\"async\" src=\"https:\/\/www.coininsider.com\/wp-content\/plugins\/funnel-form\/\/assets\/images\/votes.png\" width=\"70\" height=\"42\"\/>\n                            <\/div>\n                            <div class=\"score\">\n                                <p class=\"rating\">95%<\/p>\n                                \n                                <span class=\"verified text-center\">\n                                    Excelente                                <\/span>\n                                <p class=\"verified text-center\">\n                                    Probado y verificado                                <\/p>\n                            <\/div>\n                        <\/div>\n                                                        <\/div>\n            \n            <div class=\"ff-column ff-span-3 text-center\">\n                                    <p style=\"margin-bottom: 5px;\">\n                        <strong>Prueba eToro<\/strong>\n                    <\/p>\n                                                    <a class=\"button btn-primary\"\n                       href=\"#register\" rel=\"nofollow\">\n                        eToro                    <\/a>\n                            <\/div>\n        <\/div>\n    <\/aside>\n    <\/p>\n<h3>2. Completa tu perfil<\/h3>\n<p>Una vez que haya creado su cuenta, se le pedir\u00e1 que complete su perfil antes de comenzar a operar. Esta informaci\u00f3n es obligatoria y se utiliza para el cumplimiento de las regulaciones de AML y CTF. Una vez hecho esto, haga clic en el bot\u00f3n de completar el perfil bajo su nombre de usuario y siga los siguientes pasos.<\/p>\n<h3>3. Financie su cuenta de eToro<\/h3>\n<p>Despu\u00e9s de completar la configuraci\u00f3n de su cuenta y el registro, tendr\u00e1 que financiar su cuenta. El dep\u00f3sito m\u00ednimo aceptado actualmente por eToro es de 200 d\u00f3lares, o su equivalente en otras monedas. eToro ofrece una amplia variedad de m\u00e9todos de pago, entre los que se incluyen: tarjeta de cr\u00e9dito y d\u00e9bito, Paypal, transferencia bancaria y otros m\u00e9todos.<\/p>\n<h3>4. Comprando sus acciones de Amazon<\/h3>\n<p>Una vez que haya financiado su cuenta, puede comenzar a operar con acciones en eToro. Usted tiene la opci\u00f3n de comprar una acci\u00f3n o venderla en corto. Esto depende de c\u00f3mo usted predice que el mercado va a avanzar.<\/p>\n<h3><strong>Estos son los sencillos pasos para comprar sus acciones en eToro<\/strong><\/h3>\n<h3>Paso 1: Buscar las existencias de la Amazonia<\/h3>\n<p id=\"gdcalert1\"><img loading=\"lazy\" decoding=\"async\" class=\"aligncenter wp-image-112690 size-full\" src=\"https:\/\/www.coininsider.com\/wp-content\/uploads\/2021\/01\/purchase-amazon-shares.jpg\" alt=\"how to buy amazon stock\" width=\"768\" height=\"542\" data-wp-pid=\"112683\" \/><\/p>\n<h3>Paso 2: Haga clic en la opci\u00f3n de Comercio<\/h3>\n<p id=\"gdcalert2\"><img loading=\"lazy\" decoding=\"async\" class=\"aligncenter size-full wp-image-112690\" src=\"https:\/\/www.coininsider.com\/wp-content\/uploads\/2021\/01\/purchase-amazon-shares.jpg\" alt=\"buying amazon shares\" width=\"768\" height=\"542\" data-wp-pid=\"112690\" \/> <img loading=\"lazy\" decoding=\"async\" class=\"aligncenter size-full wp-image-112697\" src=\"https:\/\/www.coininsider.com\/wp-content\/uploads\/2021\/01\/buy-amazon-shares-2.jpg\" alt=\"\" width=\"1526\" height=\"982\" data-wp-pid=\"112697\" \/><\/p>\n<h3>Paso 3: Haga clic en la opci\u00f3n de compra<\/h3>\n<p id=\"gdcalert3\"><img loading=\"lazy\" decoding=\"async\" class=\"aligncenter size-full wp-image-112683\" src=\"https:\/\/www.coininsider.com\/wp-content\/uploads\/2021\/01\/buy-amazon-stock-1.jpg\" alt=\"how to buy amazon shares\" width=\"768\" height=\"854\" data-wp-pid=\"112683\" \/><\/p>\n<h2>Invertir en acciones de Amazon: Nuestros pensamientos finales<\/h2>\n<p>Tal vez se pregunte si invertir en acciones de Amazon es una buena idea. Bueno, definitivamente pensamos que s\u00ed. Amazon est\u00e1 demostrando que convierte nuevas l\u00edneas de negocio en l\u00edderes industriales rentables. Con el mercado de valores mundial en declive, puede ser un momento oportuno para invertir en acciones de Amazon. Cuando est\u00e9 listo para empezar a invertir, le recomendamos hacerlo a trav\u00e9s de un corredor regulado y de confianza como eToro.     <aside class=\"review-badge push-bottom clearboth\">\n\n        <div class=\"ff-grid\">\n\n            <div class=\"ff-column ff-span-4 text-center\">\n                <a href=\"#register\" rel=\"nofollow\">\n                    <img loading=\"lazy\" decoding=\"async\" src=\"https:\/\/www.coininsider.com\/wp-content\/plugins\/funnel-form\/\/funnels\/img\/etoro-logo.png\" alt=\"eToro\" width=\"250\" height=\"70\"\/>                <\/a>\n                            <\/div>\n\n                            <div class=\"ff-column ff-span-5 text-center\">\n                                            <div class=\"rating\">\n                            <div class=\"thumbs\">\n                                <strong>Clasificaci\u00f3n<\/strong><br \/>\n                                <img loading=\"lazy\" decoding=\"async\" src=\"https:\/\/www.coininsider.com\/wp-content\/plugins\/funnel-form\/\/assets\/images\/votes.png\" width=\"70\" height=\"42\"\/>\n                            <\/div>\n                            <div class=\"score\">\n                                <p class=\"rating\">95%<\/p>\n                                \n                                <span class=\"verified text-center\">\n                                    Excelente                                <\/span>\n                                <p class=\"verified text-center\">\n                                    Probado y verificado                                <\/p>\n                            <\/div>\n                        <\/div>\n                                                        <\/div>\n            \n            <div class=\"ff-column ff-span-3 text-center\">\n                                    <p style=\"margin-bottom: 5px;\">\n                        <strong>Prueba eToro<\/strong>\n                    <\/p>\n                                                    <a class=\"button btn-primary\"\n                       href=\"#register\" rel=\"nofollow\">\n                        eToro                    <\/a>\n                            <\/div>\n        <\/div>\n    <\/aside>\n    <\/p>\n","protected":false},"excerpt":{"rendered":"<p>Esta es una gu\u00eda paso a paso de c\u00f3mo comprar acciones de Amazon f\u00e1cilmente.<\/p>\n","protected":false},"author":32,"featured_media":0,"parent":0,"menu_order":0,"comment_status":"closed","ping_status":"closed","template":"template-bridging.php","meta":{"footnotes":""},"class_list":["post-112796","page","type-page","status-publish","hentry"],"acf":[],"yoast_head":"<!-- This site is optimized with the Yoast SEO plugin v25.3 - https:\/\/yoast.com\/wordpress\/plugins\/seo\/ -->\n<title>C\u00f3mo comprar acciones de Amazon | Coin Insider<\/title>\n<meta name=\"description\" content=\"Esta es una gu\u00eda paso a paso de c\u00f3mo comprar acciones de Amazon f\u00e1cilmente.\" \/>\n<meta name=\"robots\" content=\"index, follow, max-snippet:-1, max-image-preview:large, max-video-preview:-1\" \/>\n<meta name=\"twitter:label1\" content=\"Tiempo de lectura\" \/>\n\t<meta name=\"twitter:data1\" content=\"7 minutos\" \/>\n<!-- \/ Yoast SEO plugin. -->","yoast_head_json":{"title":"C\u00f3mo comprar acciones de Amazon | Coin Insider","description":"Esta es una gu\u00eda paso a paso de c\u00f3mo comprar acciones de Amazon f\u00e1cilmente.","robots":{"index":"index","follow":"follow","max-snippet":"max-snippet:-1","max-image-preview":"max-image-preview:large","max-video-preview":"max-video-preview:-1"},"twitter_misc":{"Tiempo de lectura":"7 minutos"},"schema":{"@context":"https:\/\/schema.org","@graph":[{"@type":"WebPage","@id":"https:\/\/www.coininsider.com\/es\/comprar-acciones-de-amazon\/","url":"https:\/\/www.coininsider.com\/es\/comprar-acciones-de-amazon\/","name":"C\u00f3mo comprar acciones de Amazon | Coin Insider","isPartOf":{"@id":"https:\/\/www.coininsider.com\/es\/#website"},"primaryImageOfPage":{"@id":"https:\/\/www.coininsider.com\/es\/comprar-acciones-de-amazon\/#primaryimage"},"image":{"@id":"https:\/\/www.coininsider.com\/es\/comprar-acciones-de-amazon\/#primaryimage"},"thumbnailUrl":"https:\/\/www.coininsider.com\/wp-content\/uploads\/2021\/01\/purchase-amazon-shares.jpg","datePublished":"2021-01-06T16:14:15+00:00","dateModified":"2021-03-19T16:05:04+00:00","description":"Esta es una gu\u00eda paso a paso de c\u00f3mo comprar acciones de Amazon f\u00e1cilmente.","breadcrumb":{"@id":"https:\/\/www.coininsider.com\/es\/comprar-acciones-de-amazon\/#breadcrumb"},"inLanguage":"es","potentialAction":[{"@type":"ReadAction","target":["https:\/\/www.coininsider.com\/es\/comprar-acciones-de-amazon\/"]}]},{"@type":"ImageObject","inLanguage":"es","@id":"https:\/\/www.coininsider.com\/es\/comprar-acciones-de-amazon\/#primaryimage","url":"https:\/\/www.coininsider.com\/wp-content\/uploads\/2021\/01\/purchase-amazon-shares.jpg","contentUrl":"https:\/\/www.coininsider.com\/wp-content\/uploads\/2021\/01\/purchase-amazon-shares.jpg"},{"@type":"BreadcrumbList","@id":"https:\/\/www.coininsider.com\/es\/comprar-acciones-de-amazon\/#breadcrumb","itemListElement":[{"@type":"ListItem","position":1,"name":"Home","item":"https:\/\/www.coininsider.com\/es\/"},{"@type":"ListItem","position":2,"name":"C\u00f3mo comprar acciones de Amazon"}]},{"@type":"WebSite","@id":"https:\/\/www.coininsider.com\/es\/#website","url":"https:\/\/www.coininsider.com\/es\/","name":"Coin Insider","description":"Noticias y opiniones sobre Bitcoin, criptomonedas y comercio","publisher":{"@id":"https:\/\/www.coininsider.com\/es\/#organization"},"potentialAction":[{"@type":"SearchAction","target":{"@type":"EntryPoint","urlTemplate":"https:\/\/www.coininsider.com\/es\/?s={search_term_string}"},"query-input":{"@type":"PropertyValueSpecification","valueRequired":true,"valueName":"search_term_string"}}],"inLanguage":"es"},{"@type":"Organization","@id":"https:\/\/www.coininsider.com\/es\/#organization","name":"Coin Insider","url":"https:\/\/www.coininsider.com\/es\/","logo":{"@type":"ImageObject","inLanguage":"es","@id":"https:\/\/www.coininsider.com\/es\/#\/schema\/logo\/image\/","url":"https:\/\/www.coininsider.com\/wp-content\/uploads\/2018\/01\/Coin-Insider.png","contentUrl":"https:\/\/www.coininsider.com\/wp-content\/uploads\/2018\/01\/Coin-Insider.png","width":1000,"height":300,"caption":"Coin Insider"},"image":{"@id":"https:\/\/www.coininsider.com\/es\/#\/schema\/logo\/image\/"}}]}},"_links":{"self":[{"href":"https:\/\/www.coininsider.com\/es\/wp-json\/wp\/v2\/pages\/112796","targetHints":{"allow":["GET"]}}],"collection":[{"href":"https:\/\/www.coininsider.com\/es\/wp-json\/wp\/v2\/pages"}],"about":[{"href":"https:\/\/www.coininsider.com\/es\/wp-json\/wp\/v2\/types\/page"}],"author":[{"embeddable":true,"href":"https:\/\/www.coininsider.com\/es\/wp-json\/wp\/v2\/users\/32"}],"replies":[{"embeddable":true,"href":"https:\/\/www.coininsider.com\/es\/wp-json\/wp\/v2\/comments?post=112796"}],"version-history":[{"count":0,"href":"https:\/\/www.coininsider.com\/es\/wp-json\/wp\/v2\/pages\/112796\/revisions"}],"wp:attachment":[{"href":"https:\/\/www.coininsider.com\/es\/wp-json\/wp\/v2\/media?parent=112796"}],"curies":[{"name":"wp","href":"https:\/\/api.w.org\/{rel}","templated":true}]}}