{"id":112787,"date":"2021-01-06T17:55:21","date_gmt":"2021-01-06T15:55:21","guid":{"rendered":"https:\/\/www.coininsider.com\/?page_id=112787"},"modified":"2021-03-19T18:05:34","modified_gmt":"2021-03-19T16:05:34","slug":"amazon-aktien-kauft","status":"publish","type":"page","link":"https:\/\/www.coininsider.com\/de\/amazon-aktien-kauft\/","title":{"rendered":"Wie man Amazon-Aktien kauft"},"content":{"rendered":"<p>Amazon ist weltweit bekannt als der K\u00f6nig des E-Commerce und des Cloud-Computing. Viele Unternehmen k\u00f6nnen bezeugen, dass Amazon ihnen geholfen hat, Marktf\u00fchrer zu werden. Amazon h\u00e4lt 40-50 Prozent des US-Einzelhandelsumsatzes, die meisten Amerikaner kaufen am liebsten auf der Online-Website ein.<\/p>\n<p>Was dieses Unternehmen von seinen Konkurrenten abhebt, ist die gro\u00dfe Auswahl an Produkten und Dienstleistungen, die sie anbieten, Kunden zahlen so wenig wie m\u00f6glich und ihre Produkte werden in Rekordzeit geliefert. In den letzten Jahren hat das Unternehmen seine Dienstleistungen erweitert, unter anderem bietet es seinen Kunden Investitionsm\u00f6glichkeiten in Form von Aktien an.<\/p>\n<p>Wir haben beschlossen, zu untersuchen, ob diese Aktien rentabel sind. Im folgenden Leitfaden finden Sie alle Informationen, die Sie ben\u00f6tigen, um eine fundierte Entscheidung zu treffen:<\/p>\n<h2>Sollten Sie Amazon-Aktien kaufen?<\/h2>\n<p>Bevor Sie in Amazon-Aktien investieren, ist es wichtig, dass Sie alle Fundamentaldaten sowie die Kursbewegungen und Prognosen kennen.     <aside class=\"review-badge push-bottom clearboth\">\n\n        <div class=\"ff-grid\">\n\n            <div class=\"ff-column ff-span-4 text-center\">\n                <a href=\"#register\" rel=\"nofollow\">\n                    <img loading=\"lazy\" decoding=\"async\" src=\"https:\/\/www.coininsider.com\/wp-content\/plugins\/funnel-form\/\/funnels\/img\/etoro-logo.png\" alt=\"eToro\" width=\"250\" height=\"70\"\/>                <\/a>\n                            <\/div>\n\n                            <div class=\"ff-column ff-span-5 text-center\">\n                                            <div class=\"rating\">\n                            <div class=\"thumbs\">\n                                <strong>Bewertung<\/strong><br \/>\n                                <img loading=\"lazy\" decoding=\"async\" src=\"https:\/\/www.coininsider.com\/wp-content\/plugins\/funnel-form\/\/assets\/images\/votes.png\" width=\"70\" height=\"42\"\/>\n                            <\/div>\n                            <div class=\"score\">\n                                <p class=\"rating\">95%<\/p>\n                                \n                                <span class=\"verified text-center\">\n                                    Ausgezeichnet                                <\/span>\n                                <p class=\"verified text-center\">\n                                    Getestet und verifiziert                                <\/p>\n                            <\/div>\n                        <\/div>\n                                                        <\/div>\n            \n            <div class=\"ff-column ff-span-3 text-center\">\n                                    <p style=\"margin-bottom: 5px;\">\n                        <strong>Versuche eToro<\/strong>\n                    <\/p>\n                                                    <a class=\"button btn-primary\"\n                       href=\"#register\" rel=\"nofollow\">\n                        eToro                    <\/a>\n                            <\/div>\n        <\/div>\n    <\/aside>\n    <\/p>\n<h3>Amazons Aktienkurs-Historie<\/h3>\n<p>Wie bereits erw\u00e4hnt, ist Amazon f\u00fcr sein E-Commerce-Modell bekannt, das im Laufe der Jahre von vielen Unternehmen kopiert wurde. Zun\u00e4chst war Amazon nur ein Online-Buchh\u00e4ndler, der sp\u00e4ter in die Bereiche digitale Unterhaltung, Cloud Computing und mobile Produkte expandierte. Heute k\u00f6nnen die meisten Einzelhandelsprodukte auf der Website gekauft werden.<\/p>\n<p>Als Online-H\u00e4ndler hat Amazon positiv von sozialen Medien und breiteren Netzwerken profitiert. Es gibt etwa zwei Millionen Verk\u00e4ufer und 300 Millionen Nutzer weltweit. Die sozialen Medien haben dazu beigetragen, die Markenidentit\u00e4t zu einem st\u00e4rkeren Marketinginstrument zu machen. Es ist keine \u00dcberraschung, dass Amazon als einer der Top-Markenwerte im Jahr 2019 gilt. Es wird berichtet, dass Online-Anzeigen und Netzwerkeffekte dazu beigetragen haben, 2019 Produkte im Wert von 50 Milliarden US-Dollar zu verkaufen Amazon bietet seinen Nutzern sofortige Befriedigung mit seiner 1-Tages-Lieferpolitik. Der Umsatz im digitalen Gesch\u00e4ft ist 2019 um 14,8 % auf 141 Mrd. $ gestiegen.<\/p>\n<p>Die 1-Day-Delivery-Policy wurde erst im letzten Quartal eingef\u00fchrt, f\u00fchrte aber zum h\u00f6chsten Anstieg der Prime-Abonnements. Nutzer, die ein Prime-Abonnement haben, profitieren unter anderem von Shopping-Vorteilen, Musik und Filmen. Bei Amazon k\u00f6nnen Sie eine gro\u00dfe Auswahl an Produkten und Dienstleistungen kaufen, darunter M\u00f6bel, Smartphones und Lebensmittel. All das kann bis an Ihre Haust\u00fcr geliefert werden.<\/p>\n<h3>Performance der Amazon-Aktie<\/h3>\n<p>Die Amazon-Aktie vernichtet ihre Konkurrenten, insbesondere w\u00e4hrend der COVID-9-Pandemie, die einen Abschwung an den M\u00e4rkten im Jahr 2020 verursacht hat. Amazon wird mit leistungsstarken Technologieaktien gehandelt, die gemeinhin als FAANG (Facebook, Amazon, Apple, Netflix und Google) bezeichnet werden. Mit FAANG hat die Amazon-Aktie im letzten Jahr 10,77 % an die Aktion\u00e4re zur\u00fcckgegeben. W\u00e4hrend dieser globalen Pandemie hat sich die Amazon-Aktie als widerstandsf\u00e4higer erwiesen.<\/p>\n<h2>Wie funktioniert die Aktiendividende von Amazon?<\/h2>\n<p>Amazon zahlt seinen Nutzern keine Dividende. Anstatt Dividenden zu zahlen, reinvestiert Amazon st\u00e4ndig in sein Gesch\u00e4ft. Dazu geh\u00f6ren Investitionen in mehr Videoinhalte f\u00fcr Amazon Prime Video, der Bau neuer Rechenzentren und die Einstellung von Hunderten von Software-Ingenieuren neben anderen Investitionen. Bei unseren Recherchen haben wir festgestellt, dass der Aktienwert von Amazon auf 130.000% gestiegen ist. Es gibt Berichte, die darauf hindeuten, dass viele Investoren erwarten, dass Amazon durch die j\u00fcngste 13,7 Milliarden Dollar teure \u00dcbernahme von Whole Foods Shareholder Value schaffen wird.<\/p>\n<h3><strong>Die gute Nachricht ist, dass der Ansatz von Amazon zu erstaunlichen Renditen gef\u00fchrt hat<\/strong><\/h3>\n<p>Als Investor ist es immer wichtig zu wissen, wie das Unternehmen, dem Sie Ihr Geld anvertraut haben, seine Einnahmen ausgibt. Im Falle einer Fehlinvestition kann es sein, dass all die Ertr\u00e4ge und der Cashflow, die ein Unternehmen \u00fcber mehrere Jahre hinweg generiert, den Aktion\u00e4ren gar nicht zugute kommen, wenn die Einnahmen f\u00fcr schlechte Akquisitionen ausgegeben werden. Die Alternative ist, dass ein Unternehmen seinen gesamten Cashflow zu hohen Renditen reinvestieren kann und das Unternehmen auf lange Sicht deutlich wertvoller macht. Dies ist der Ansatz von Amazon.<\/p>\n<h2>Wie erhalten Sie eine Rendite f\u00fcr Ihre Investition bei Amazon?<\/h2>\n<p>Mit Amazons Ansatz ist der Jahresumsatz von 148 Millionen US-Dollar im Jahr 1997 auf 281 Milliarden US-Dollar im Jahr 2019 gestiegen. Einige m\u00f6gen denken, dass dies absolut falsch ist, aber es ist wahr. Amazon hat es geschafft, seinen Umsatz in 22 Jahren um das 1.898-fache zu steigern.<\/p>\n<p>All dieses Wachstum wurde ohne die Aufnahme von Eigenkapital erreicht. Das Unternehmen hat Einnahmen aus dem eigenen Gesch\u00e4ft generiert und alles davon f\u00fcr Reinvestitionen in Wachstum, Forschung und Gesch\u00e4ftsentwicklung verwendet. Investoren, die auf Dividenden aus sind, m\u00fcssen verstehen, dass Amazon den Ruf hat, weit mehr als einen Dollar auf jeden Dollar an Aktion\u00e4rskapital zu erwirtschaften, den es in seinem Gesch\u00e4ft beh\u00e4lt.<\/p>\n<p>Das hei\u00dft, solange die Reinvestitionsm\u00f6glichkeiten bestehen, sollten sich Anleger immer f\u00fcr ein Unternehmen entscheiden, das ihr Geld in die Arbeit steckt, anstatt eine Dividende zu zahlen. Investoren, die eine Dividende anstreben, k\u00f6nnen immer ihre eigenen schaffen, indem sie von Zeit zu Zeit einen kleinen Teil ihrer Aktien verkaufen. Wenn Sie sich f\u00fcr diesen Weg entscheiden, ben\u00f6tigen Sie ein Brokerage-Konto, das den Handel mit Bruchteilen von Aktien erlaubt, da eine Aktie von Amazon f\u00fcr etwa 3.100 $ gehandelt wird.<\/p>\n<h2>Wie man Amazon-Aktien mit eToro kauft<\/h2>\n<h3>1. Erstellen Sie Ihr eToro Konto<\/h3>\n<p>Die Erstellung Ihres eToro Kontos ist schnell und einfach. Alles, was Sie tun m\u00fcssen, ist sich mit Ihren grundlegenden Kontaktdaten und Ihrer E-Mail-Adresse zu registrieren und sich innerhalb weniger Minuten in Ihr neu erstelltes eToro Konto einzuloggen.     <aside class=\"review-badge push-bottom clearboth\">\n\n        <div class=\"ff-grid\">\n\n            <div class=\"ff-column ff-span-4 text-center\">\n                <a href=\"#register\" rel=\"nofollow\">\n                    <img loading=\"lazy\" decoding=\"async\" src=\"https:\/\/www.coininsider.com\/wp-content\/plugins\/funnel-form\/\/funnels\/img\/etoro-logo.png\" alt=\"eToro\" width=\"250\" height=\"70\"\/>                <\/a>\n                            <\/div>\n\n                            <div class=\"ff-column ff-span-5 text-center\">\n                                            <div class=\"rating\">\n                            <div class=\"thumbs\">\n                                <strong>Bewertung<\/strong><br \/>\n                                <img loading=\"lazy\" decoding=\"async\" src=\"https:\/\/www.coininsider.com\/wp-content\/plugins\/funnel-form\/\/assets\/images\/votes.png\" width=\"70\" height=\"42\"\/>\n                            <\/div>\n                            <div class=\"score\">\n                                <p class=\"rating\">95%<\/p>\n                                \n                                <span class=\"verified text-center\">\n                                    Ausgezeichnet                                <\/span>\n                                <p class=\"verified text-center\">\n                                    Getestet und verifiziert                                <\/p>\n                            <\/div>\n                        <\/div>\n                                                        <\/div>\n            \n            <div class=\"ff-column ff-span-3 text-center\">\n                                    <p style=\"margin-bottom: 5px;\">\n                        <strong>Versuche eToro<\/strong>\n                    <\/p>\n                                                    <a class=\"button btn-primary\"\n                       href=\"#register\" rel=\"nofollow\">\n                        eToro                    <\/a>\n                            <\/div>\n        <\/div>\n    <\/aside>\n    <\/p>\n<h3>2. Vervollst\u00e4ndigen Sie Ihr Profil<\/h3>\n<p>Sobald Sie Ihr Konto erstellt haben, werden Sie aufgefordert, Ihr Profil zu vervollst\u00e4ndigen, bevor Sie mit dem Handel beginnen. Diese Informationen sind obligatorisch und werden f\u00fcr die Einhaltung der AML- und CTF-Vorschriften verwendet. Sobald dies erledigt ist, klicken Sie auf die Schaltfl\u00e4che &#8222;Profil vervollst\u00e4ndigen&#8220; unter Ihrem Benutzernamen und folgen Sie den n\u00e4chsten Schritten.<\/p>\n<h3>3. Aufladen Ihres eToro Kontos<\/h3>\n<p>Nachdem Sie die Einrichtung Ihres Kontos und die Registrierung abgeschlossen haben, m\u00fcssen Sie auf Ihr Konto einzahlen. Die Mindesteinzahlung, die derzeit von eToro akzeptiert wird, betr\u00e4gt $200 oder das \u00c4quivalent in anderen W\u00e4hrungen. eToro bietet eine Vielzahl von Zahlungsmethoden, einschlie\u00dflich Kredit- und Debitkarten, Paypal, \u00dcberweisung und andere Methoden.<\/p>\n<h3>4. Kaufen Sie Ihre Amazon-Aktien<\/h3>\n<p>Sobald Sie Ihr Konto finanziert haben, k\u00f6nnen Sie mit dem Aktienhandel bei eToro beginnen. Sie haben die Wahl, eine Aktie zu kaufen oder sie zu leerverkaufen. Dies h\u00e4ngt davon ab, wie Sie vorhersagen, wie sich der Markt entwickeln wird.<\/p>\n<h3><strong>Hier sind die einfachen Schritte, wie Sie Ihre Aktien bei eToro kaufen k\u00f6nnen<\/strong><\/h3>\n<h3>Schritt 1: Suchen Sie nach Amazon-Aktien<\/h3>\n<p id=\"gdcalert1\"><img loading=\"lazy\" decoding=\"async\" class=\"aligncenter wp-image-112690 size-full\" src=\"https:\/\/www.coininsider.com\/wp-content\/uploads\/2021\/01\/purchase-amazon-shares.jpg\" alt=\"how to buy amazon stock\" width=\"768\" height=\"542\" data-wp-pid=\"112683\" \/><\/p>\n<h3>Schritt 2: Klicken Sie auf die Option Handel<\/h3>\n<p id=\"gdcalert2\"><img loading=\"lazy\" decoding=\"async\" class=\"aligncenter size-full wp-image-112690\" src=\"https:\/\/www.coininsider.com\/wp-content\/uploads\/2021\/01\/purchase-amazon-shares.jpg\" alt=\"buying amazon shares\" width=\"768\" height=\"542\" data-wp-pid=\"112690\" \/> <img loading=\"lazy\" decoding=\"async\" class=\"aligncenter size-full wp-image-112697\" src=\"https:\/\/www.coininsider.com\/wp-content\/uploads\/2021\/01\/buy-amazon-shares-2.jpg\" alt=\"\" width=\"1526\" height=\"982\" data-wp-pid=\"112697\" \/><\/p>\n<h3>Schritt 3: Klicken Sie auf die Option &#8222;Kaufen<\/h3>\n<p id=\"gdcalert3\"><img loading=\"lazy\" decoding=\"async\" class=\"aligncenter size-full wp-image-112683\" src=\"https:\/\/www.coininsider.com\/wp-content\/uploads\/2021\/01\/buy-amazon-stock-1.jpg\" alt=\"how to buy amazon shares\" width=\"768\" height=\"854\" data-wp-pid=\"112683\" \/><\/p>\n<h2>Investieren in Amazon-Aktien: Unsere Schlussgedanken<\/h2>\n<p>Sie fragen sich vielleicht, ob eine Investition in Amazon-Aktien eine gute Idee ist. Nun, wir denken definitiv ja. Amazon beweist, dass es neue Gesch\u00e4ftszweige zu profitablen Branchenf\u00fchrern macht. Da der globale Aktienmarkt r\u00fcckl\u00e4ufig ist, k\u00f6nnte es ein guter Zeitpunkt sein, in Amazon-Aktien zu investieren. Wenn Sie bereit sind, mit der Investition zu beginnen, empfehlen wir, dies \u00fcber einen regulierten und vertrauensw\u00fcrdigen Broker wie eToro zu tun.     <aside class=\"review-badge push-bottom clearboth\">\n\n        <div class=\"ff-grid\">\n\n            <div class=\"ff-column ff-span-4 text-center\">\n                <a href=\"#register\" rel=\"nofollow\">\n                    <img loading=\"lazy\" decoding=\"async\" src=\"https:\/\/www.coininsider.com\/wp-content\/plugins\/funnel-form\/\/funnels\/img\/etoro-logo.png\" alt=\"eToro\" width=\"250\" height=\"70\"\/>                <\/a>\n                            <\/div>\n\n                            <div class=\"ff-column ff-span-5 text-center\">\n                                            <div class=\"rating\">\n                            <div class=\"thumbs\">\n                                <strong>Bewertung<\/strong><br \/>\n                                <img loading=\"lazy\" decoding=\"async\" src=\"https:\/\/www.coininsider.com\/wp-content\/plugins\/funnel-form\/\/assets\/images\/votes.png\" width=\"70\" height=\"42\"\/>\n                            <\/div>\n                            <div class=\"score\">\n                                <p class=\"rating\">95%<\/p>\n                                \n                                <span class=\"verified text-center\">\n                                    Ausgezeichnet                                <\/span>\n                                <p class=\"verified text-center\">\n                                    Getestet und verifiziert                                <\/p>\n                            <\/div>\n                        <\/div>\n                                                        <\/div>\n            \n            <div class=\"ff-column ff-span-3 text-center\">\n                                    <p style=\"margin-bottom: 5px;\">\n                        <strong>Versuche eToro<\/strong>\n                    <\/p>\n                                                    <a class=\"button btn-primary\"\n                       href=\"#register\" rel=\"nofollow\">\n                        eToro                    <\/a>\n                            <\/div>\n        <\/div>\n    <\/aside>\n    <\/p>\n","protected":false},"excerpt":{"rendered":"<p>Dies ist eine Schritt-f\u00fcr-Schritt-Anleitung, wie Sie ganz einfach Amazon-Aktien kaufen k\u00f6nnen.<\/p>\n","protected":false},"author":32,"featured_media":0,"parent":0,"menu_order":0,"comment_status":"closed","ping_status":"closed","template":"template-bridging.php","meta":{"footnotes":""},"class_list":["post-112787","page","type-page","status-publish","hentry"],"acf":[],"yoast_head":"<!-- This site is optimized with the Yoast SEO plugin v25.3 - https:\/\/yoast.com\/wordpress\/plugins\/seo\/ -->\n<title>Wie man Amazon-Aktien kauft | Coin Insider<\/title>\n<meta name=\"description\" content=\"Dies ist eine Schritt-f\u00fcr-Schritt-Anleitung, wie Sie ganz einfach Amazon-Aktien kaufen k\u00f6nnen.\" \/>\n<meta name=\"robots\" content=\"index, follow, max-snippet:-1, max-image-preview:large, max-video-preview:-1\" \/>\n<meta name=\"twitter:label1\" content=\"Gesch\u00e4tzte Lesezeit\" \/>\n\t<meta name=\"twitter:data1\" content=\"6\u00a0Minuten\" \/>\n<!-- \/ Yoast SEO plugin. -->","yoast_head_json":{"title":"Wie man Amazon-Aktien kauft | Coin Insider","description":"Dies ist eine Schritt-f\u00fcr-Schritt-Anleitung, wie Sie ganz einfach Amazon-Aktien kaufen k\u00f6nnen.","robots":{"index":"index","follow":"follow","max-snippet":"max-snippet:-1","max-image-preview":"max-image-preview:large","max-video-preview":"max-video-preview:-1"},"twitter_misc":{"Gesch\u00e4tzte Lesezeit":"6\u00a0Minuten"},"schema":{"@context":"https:\/\/schema.org","@graph":[{"@type":"WebPage","@id":"https:\/\/www.coininsider.com\/de\/amazon-aktien-kauft\/","url":"https:\/\/www.coininsider.com\/de\/amazon-aktien-kauft\/","name":"Wie man Amazon-Aktien kauft | Coin Insider","isPartOf":{"@id":"https:\/\/www.coininsider.com\/de\/#website"},"primaryImageOfPage":{"@id":"https:\/\/www.coininsider.com\/de\/amazon-aktien-kauft\/#primaryimage"},"image":{"@id":"https:\/\/www.coininsider.com\/de\/amazon-aktien-kauft\/#primaryimage"},"thumbnailUrl":"https:\/\/www.coininsider.com\/wp-content\/uploads\/2021\/01\/purchase-amazon-shares.jpg","datePublished":"2021-01-06T15:55:21+00:00","dateModified":"2021-03-19T16:05:34+00:00","description":"Dies ist eine Schritt-f\u00fcr-Schritt-Anleitung, wie Sie ganz einfach Amazon-Aktien kaufen k\u00f6nnen.","breadcrumb":{"@id":"https:\/\/www.coininsider.com\/de\/amazon-aktien-kauft\/#breadcrumb"},"inLanguage":"de","potentialAction":[{"@type":"ReadAction","target":["https:\/\/www.coininsider.com\/de\/amazon-aktien-kauft\/"]}]},{"@type":"ImageObject","inLanguage":"de","@id":"https:\/\/www.coininsider.com\/de\/amazon-aktien-kauft\/#primaryimage","url":"https:\/\/www.coininsider.com\/wp-content\/uploads\/2021\/01\/purchase-amazon-shares.jpg","contentUrl":"https:\/\/www.coininsider.com\/wp-content\/uploads\/2021\/01\/purchase-amazon-shares.jpg"},{"@type":"BreadcrumbList","@id":"https:\/\/www.coininsider.com\/de\/amazon-aktien-kauft\/#breadcrumb","itemListElement":[{"@type":"ListItem","position":1,"name":"Home","item":"https:\/\/www.coininsider.com\/de\/"},{"@type":"ListItem","position":2,"name":"Wie man Amazon-Aktien kauft"}]},{"@type":"WebSite","@id":"https:\/\/www.coininsider.com\/de\/#website","url":"https:\/\/www.coininsider.com\/de\/","name":"Coin Insider","description":"Nachrichten und Meinungen zu Bitcoin, Kryptow\u00e4hrung und Handel","publisher":{"@id":"https:\/\/www.coininsider.com\/de\/#organization"},"potentialAction":[{"@type":"SearchAction","target":{"@type":"EntryPoint","urlTemplate":"https:\/\/www.coininsider.com\/de\/?s={search_term_string}"},"query-input":{"@type":"PropertyValueSpecification","valueRequired":true,"valueName":"search_term_string"}}],"inLanguage":"de"},{"@type":"Organization","@id":"https:\/\/www.coininsider.com\/de\/#organization","name":"Coin Insider","url":"https:\/\/www.coininsider.com\/de\/","logo":{"@type":"ImageObject","inLanguage":"de","@id":"https:\/\/www.coininsider.com\/de\/#\/schema\/logo\/image\/","url":"https:\/\/www.coininsider.com\/wp-content\/uploads\/2018\/01\/Coin-Insider.png","contentUrl":"https:\/\/www.coininsider.com\/wp-content\/uploads\/2018\/01\/Coin-Insider.png","width":1000,"height":300,"caption":"Coin Insider"},"image":{"@id":"https:\/\/www.coininsider.com\/de\/#\/schema\/logo\/image\/"}}]}},"_links":{"self":[{"href":"https:\/\/www.coininsider.com\/de\/wp-json\/wp\/v2\/pages\/112787","targetHints":{"allow":["GET"]}}],"collection":[{"href":"https:\/\/www.coininsider.com\/de\/wp-json\/wp\/v2\/pages"}],"about":[{"href":"https:\/\/www.coininsider.com\/de\/wp-json\/wp\/v2\/types\/page"}],"author":[{"embeddable":true,"href":"https:\/\/www.coininsider.com\/de\/wp-json\/wp\/v2\/users\/32"}],"replies":[{"embeddable":true,"href":"https:\/\/www.coininsider.com\/de\/wp-json\/wp\/v2\/comments?post=112787"}],"version-history":[{"count":0,"href":"https:\/\/www.coininsider.com\/de\/wp-json\/wp\/v2\/pages\/112787\/revisions"}],"wp:attachment":[{"href":"https:\/\/www.coininsider.com\/de\/wp-json\/wp\/v2\/media?parent=112787"}],"curies":[{"name":"wp","href":"https:\/\/api.w.org\/{rel}","templated":true}]}}